{"id":6781,"date":"2022-10-20T13:11:50","date_gmt":"2022-10-20T11:11:50","guid":{"rendered":"https:\/\/profiline.ee\/integritetspolicy\/"},"modified":"2025-01-23T15:32:01","modified_gmt":"2025-01-23T13:32:01","slug":"integritetspolicy","status":"publish","type":"page","link":"https:\/\/profiline.ee\/sv\/integritetspolicy\/","title":{"rendered":"Integritetspolicy"},"content":{"rendered":"\n<h4 class=\"wp-block-heading\">Cookies <\/h4>\n\n<p>Om du l\u00e4mnar en kommentar p\u00e5 v\u00e5r webbplats kan du till\u00e5ta att ditt namn, din e-postadress och din webbplats lagras i cookies. Dessa \u00e4r f\u00f6r din bekv\u00e4mlighet, s\u00e5 att du inte beh\u00f6ver ange dina uppgifter igen om du l\u00e4mnar en ny kommentar. Dessa cookies g\u00e4ller i ett \u00e5r. <\/p>\n\n<p>N\u00e4r du bes\u00f6ker v\u00e5r inloggningssida kommer vi att s\u00e4tta en tillf\u00e4llig cookie f\u00f6r att avg\u00f6ra om din webbl\u00e4sare accepterar cookies. Denna cookie inneh\u00e5ller inga personuppgifter och raderas n\u00e4r du st\u00e4nger din webbl\u00e4sare. N\u00e4r du loggar in st\u00e4ller vi ocks\u00e5 in ett antal cookies f\u00f6r att lagra din inloggningsinformation och dina sk\u00e4rmalternativ. Inloggningscookies varar i tv\u00e5 dagar och cookies f\u00f6r sk\u00e4rmalternativ varar i ett \u00e5r. <\/p>\n\n<p>Om du v\u00e4ljer &#8221;Kom ih\u00e5g mig&#8221; kommer din inloggning att vara aktiv i tv\u00e5 veckor. N\u00e4r du loggar ut fr\u00e5n ditt konto tas inloggningscookies bort.<\/p>\n\n<p>N\u00e4r du redigerar eller publicerar en artikel lagras ytterligare en cookie i din webbl\u00e4sare. Denna cookie inneh\u00e5ller inga personuppgifter och visar bara inl\u00e4ggs-ID f\u00f6r den nyligen redigerade artikeln. Den upph\u00f6r att g\u00e4lla efter 1 dag.<\/p>\n\n<h4 class=\"wp-block-heading\">Hantering av inneh\u00e5ll fr\u00e5n andra webbplatser <\/h4>\n\n<p>Artiklar p\u00e5 denna webbplats kan inneh\u00e5lla inb\u00e4ddat inneh\u00e5ll (t.ex. videor, bilder, artiklar etc.). Inneh\u00e5ll som \u00e4r inb\u00e4ddat fr\u00e5n andra webbplatser beter sig p\u00e5 exakt samma s\u00e4tt som om bes\u00f6karen har bes\u00f6kt den andra webbplatsen. <\/p>\n\n<p>Dessa webbplatser kan samla in uppgifter om dig, anv\u00e4nda cookies, b\u00e4dda in ytterligare sp\u00e5rning fr\u00e5n tredje part och sp\u00e5ra din interaktion med det inb\u00e4ddade inneh\u00e5llet, inklusive att sp\u00e5ra din interaktion med inb\u00e4ddat inneh\u00e5ll om du har ett konto och \u00e4r inloggad p\u00e5 den webbplatsen.<\/p>\n\n<h4 class=\"wp-block-heading\">Vem vi delar dina uppgifter med <\/h4>\n\n<p>Om du beg\u00e4r en \u00e5terst\u00e4llning av l\u00f6senordet kommer din IP-adress att inkluderas i e-postmeddelandet om \u00e5terst\u00e4llning. <\/p>\n\n<h4 class=\"wp-block-heading\">Hur l\u00e4nge vi sparar dina uppgifter <\/h4>\n\n<p>Om du l\u00e4mnar en kommentar kommer kommentaren och dess metadata att sparas p\u00e5 obest\u00e4md tid. Detta \u00e4r f\u00f6r att vi automatiskt ska kunna k\u00e4nna igen och godk\u00e4nna alla uppf\u00f6ljande kommentarer, ist\u00e4llet f\u00f6r att h\u00e5lla dem i modereringsk\u00f6. <\/p>\n\n<p>F\u00f6r anv\u00e4ndare som registrerar sig p\u00e5 v\u00e5r webbplats (om de finns) lagrar vi ocks\u00e5 den personliga information som de tillhandah\u00e5ller i sin anv\u00e4ndarprofil. Alla anv\u00e4ndare kommer att kunna se, redigera och radera sina personuppgifter n\u00e4r som helst (utom i h\u00e4ndelse av att de inte kan \u00e4ndra sitt anv\u00e4ndarnamn). Webbplatsadministrat\u00f6rer kan ocks\u00e5 se och redigera denna information.<\/p>\n\n<h4 class=\"wp-block-heading\">Vilka r\u00e4ttigheter har du n\u00e4r det g\u00e4ller dina uppgifter? <\/h4>\n\n<p>Om du har ett konto p\u00e5 denna webbplats eller har l\u00e4mnat kommentarer kan du beg\u00e4ra att f\u00e5 en exporterad fil med de personuppgifter vi har om dig, inklusive all information som du har l\u00e4mnat till oss. Du kan ocks\u00e5 beg\u00e4ra att vi raderar alla personuppgifter som vi har om dig. Det inkluderar inte uppgifter som vi \u00e4r skyldiga att bevara av administrativa, juridiska eller s\u00e4kerhetssk\u00e4l. <\/p>\n\n<p><\/p>\n","protected":false},"excerpt":{"rendered":"<p>Cookies Om du l\u00e4mnar en kommentar p\u00e5 v\u00e5r webbplats kan du till\u00e5ta att ditt namn, din e-postadress och din webbplats lagras i cookies. Dessa \u00e4r f\u00f6r din bekv\u00e4mlighet, s\u00e5 att du inte beh\u00f6ver ange dina uppgifter igen om du l\u00e4mnar en ny kommentar. Dessa cookies g\u00e4ller i ett \u00e5r. N\u00e4r du bes\u00f6ker v\u00e5r inloggningssida kommer [&hellip;]<\/p>\n","protected":false},"author":2,"featured_media":0,"parent":0,"menu_order":0,"comment_status":"closed","ping_status":"closed","template":"","meta":{"_acf_changed":false,"footnotes":""},"class_list":["post-6781","page","type-page","status-publish","hentry"],"acf":[],"yoast_head":"<!-- This site is optimized with the Yoast SEO plugin v27.0 - https:\/\/yoast.com\/product\/yoast-seo-wordpress\/ -->\n<title>Integritetspolicy - Profiline<\/title>\n<meta name=\"robots\" content=\"index, follow, max-snippet:-1, max-image-preview:large, max-video-preview:-1\" \/>\n<link rel=\"canonical\" href=\"https:\/\/profiline.ee\/sv\/integritetspolicy\/\" \/>\n<meta property=\"og:locale\" content=\"sv_SE\" \/>\n<meta property=\"og:type\" content=\"article\" \/>\n<meta property=\"og:title\" content=\"Integritetspolicy - Profiline\" \/>\n<meta property=\"og:description\" content=\"Cookies Om du l\u00e4mnar en kommentar p\u00e5 v\u00e5r webbplats kan du till\u00e5ta att ditt namn, din e-postadress och din webbplats lagras i cookies. Dessa \u00e4r f\u00f6r din bekv\u00e4mlighet, s\u00e5 att du inte beh\u00f6ver ange dina uppgifter igen om du l\u00e4mnar en ny kommentar. Dessa cookies g\u00e4ller i ett \u00e5r. N\u00e4r du bes\u00f6ker v\u00e5r inloggningssida kommer [&hellip;]\" \/>\n<meta property=\"og:url\" content=\"https:\/\/profiline.ee\/sv\/integritetspolicy\/\" \/>\n<meta property=\"og:site_name\" content=\"Profiline\" \/>\n<meta property=\"article:modified_time\" content=\"2025-01-23T13:32:01+00:00\" \/>\n<meta name=\"twitter:card\" content=\"summary_large_image\" \/>\n<meta name=\"twitter:label1\" content=\"Ber\u00e4knad l\u00e4stid\" \/>\n\t<meta name=\"twitter:data1\" content=\"3 minuter\" \/>\n<script type=\"application\/ld+json\" class=\"yoast-schema-graph\">{\"@context\":\"https:\/\/schema.org\",\"@graph\":[{\"@type\":\"WebPage\",\"@id\":\"https:\/\/profiline.ee\/sv\/integritetspolicy\/\",\"url\":\"https:\/\/profiline.ee\/sv\/integritetspolicy\/\",\"name\":\"Integritetspolicy - Profiline\",\"isPartOf\":{\"@id\":\"https:\/\/profiline.ee\/sv\/#website\"},\"datePublished\":\"2022-10-20T11:11:50+00:00\",\"dateModified\":\"2025-01-23T13:32:01+00:00\",\"inLanguage\":\"sv-SE\",\"potentialAction\":[{\"@type\":\"ReadAction\",\"target\":[\"https:\/\/profiline.ee\/sv\/integritetspolicy\/\"]}]},{\"@type\":\"WebSite\",\"@id\":\"https:\/\/profiline.ee\/sv\/#website\",\"url\":\"https:\/\/profiline.ee\/sv\/\",\"name\":\"Profiline\",\"description\":\"\",\"publisher\":{\"@id\":\"https:\/\/profiline.ee\/sv\/#organization\"},\"potentialAction\":[{\"@type\":\"SearchAction\",\"target\":{\"@type\":\"EntryPoint\",\"urlTemplate\":\"https:\/\/profiline.ee\/sv\/?s={search_term_string}\"},\"query-input\":{\"@type\":\"PropertyValueSpecification\",\"valueRequired\":true,\"valueName\":\"search_term_string\"}}],\"inLanguage\":\"sv-SE\"},{\"@type\":\"Organization\",\"@id\":\"https:\/\/profiline.ee\/sv\/#organization\",\"name\":\"Leden Estonia AS\",\"url\":\"https:\/\/profiline.ee\/sv\/\",\"logo\":{\"@type\":\"ImageObject\",\"inLanguage\":\"sv-SE\",\"@id\":\"https:\/\/profiline.ee\/sv\/#\/schema\/logo\/image\/\",\"url\":\"https:\/\/profiline.ee\/wp-content\/uploads\/2023\/05\/logo.svg\",\"contentUrl\":\"https:\/\/profiline.ee\/wp-content\/uploads\/2023\/05\/logo.svg\",\"width\":180,\"height\":50,\"caption\":\"Leden Estonia AS\"},\"image\":{\"@id\":\"https:\/\/profiline.ee\/sv\/#\/schema\/logo\/image\/\"}}]}<\/script>\n<!-- \/ Yoast SEO plugin. -->","yoast_head_json":{"title":"Integritetspolicy - Profiline","robots":{"index":"index","follow":"follow","max-snippet":"max-snippet:-1","max-image-preview":"max-image-preview:large","max-video-preview":"max-video-preview:-1"},"canonical":"https:\/\/profiline.ee\/sv\/integritetspolicy\/","og_locale":"sv_SE","og_type":"article","og_title":"Integritetspolicy - Profiline","og_description":"Cookies Om du l\u00e4mnar en kommentar p\u00e5 v\u00e5r webbplats kan du till\u00e5ta att ditt namn, din e-postadress och din webbplats lagras i cookies. Dessa \u00e4r f\u00f6r din bekv\u00e4mlighet, s\u00e5 att du inte beh\u00f6ver ange dina uppgifter igen om du l\u00e4mnar en ny kommentar. Dessa cookies g\u00e4ller i ett \u00e5r. N\u00e4r du bes\u00f6ker v\u00e5r inloggningssida kommer [&hellip;]","og_url":"https:\/\/profiline.ee\/sv\/integritetspolicy\/","og_site_name":"Profiline","article_modified_time":"2025-01-23T13:32:01+00:00","twitter_card":"summary_large_image","twitter_misc":{"Ber\u00e4knad l\u00e4stid":"3 minuter"},"schema":{"@context":"https:\/\/schema.org","@graph":[{"@type":"WebPage","@id":"https:\/\/profiline.ee\/sv\/integritetspolicy\/","url":"https:\/\/profiline.ee\/sv\/integritetspolicy\/","name":"Integritetspolicy - Profiline","isPartOf":{"@id":"https:\/\/profiline.ee\/sv\/#website"},"datePublished":"2022-10-20T11:11:50+00:00","dateModified":"2025-01-23T13:32:01+00:00","inLanguage":"sv-SE","potentialAction":[{"@type":"ReadAction","target":["https:\/\/profiline.ee\/sv\/integritetspolicy\/"]}]},{"@type":"WebSite","@id":"https:\/\/profiline.ee\/sv\/#website","url":"https:\/\/profiline.ee\/sv\/","name":"Profiline","description":"","publisher":{"@id":"https:\/\/profiline.ee\/sv\/#organization"},"potentialAction":[{"@type":"SearchAction","target":{"@type":"EntryPoint","urlTemplate":"https:\/\/profiline.ee\/sv\/?s={search_term_string}"},"query-input":{"@type":"PropertyValueSpecification","valueRequired":true,"valueName":"search_term_string"}}],"inLanguage":"sv-SE"},{"@type":"Organization","@id":"https:\/\/profiline.ee\/sv\/#organization","name":"Leden Estonia AS","url":"https:\/\/profiline.ee\/sv\/","logo":{"@type":"ImageObject","inLanguage":"sv-SE","@id":"https:\/\/profiline.ee\/sv\/#\/schema\/logo\/image\/","url":"https:\/\/profiline.ee\/wp-content\/uploads\/2023\/05\/logo.svg","contentUrl":"https:\/\/profiline.ee\/wp-content\/uploads\/2023\/05\/logo.svg","width":180,"height":50,"caption":"Leden Estonia AS"},"image":{"@id":"https:\/\/profiline.ee\/sv\/#\/schema\/logo\/image\/"}}]}},"_links":{"self":[{"href":"https:\/\/profiline.ee\/sv\/wp-json\/wp\/v2\/pages\/6781","targetHints":{"allow":["GET"]}}],"collection":[{"href":"https:\/\/profiline.ee\/sv\/wp-json\/wp\/v2\/pages"}],"about":[{"href":"https:\/\/profiline.ee\/sv\/wp-json\/wp\/v2\/types\/page"}],"author":[{"embeddable":true,"href":"https:\/\/profiline.ee\/sv\/wp-json\/wp\/v2\/users\/2"}],"replies":[{"embeddable":true,"href":"https:\/\/profiline.ee\/sv\/wp-json\/wp\/v2\/comments?post=6781"}],"version-history":[{"count":3,"href":"https:\/\/profiline.ee\/sv\/wp-json\/wp\/v2\/pages\/6781\/revisions"}],"predecessor-version":[{"id":6784,"href":"https:\/\/profiline.ee\/sv\/wp-json\/wp\/v2\/pages\/6781\/revisions\/6784"}],"wp:attachment":[{"href":"https:\/\/profiline.ee\/sv\/wp-json\/wp\/v2\/media?parent=6781"}],"curies":[{"name":"wp","href":"https:\/\/api.w.org\/{rel}","templated":true}]}}