{"id":6755,"date":"2024-10-14T14:01:51","date_gmt":"2024-10-14T12:01:51","guid":{"rendered":"https:\/\/profiline.ee\/vanliga-fragor\/"},"modified":"2025-01-23T15:31:12","modified_gmt":"2025-01-23T13:31:12","slug":"vanliga-fragor","status":"publish","type":"page","link":"https:\/\/profiline.ee\/sv\/vanliga-fragor\/","title":{"rendered":"Vanliga fr\u00e5gor"},"content":{"rendered":"\t\t<div data-elementor-type=\"wp-page\" data-elementor-id=\"6755\" class=\"elementor elementor-6755 elementor-5616\" data-elementor-post-type=\"page\">\n\t\t\t\t\t\t<section class=\"elementor-section elementor-top-section elementor-element elementor-element-7b84a9f elementor-section-boxed elementor-section-height-default elementor-section-height-default\" data-id=\"7b84a9f\" data-element_type=\"section\" data-e-type=\"section\">\n\t\t\t\t\t\t<div class=\"elementor-container elementor-column-gap-default\">\n\t\t\t\t\t<div class=\"elementor-column elementor-col-100 elementor-top-column elementor-element elementor-element-42d36ea\" data-id=\"42d36ea\" data-element_type=\"column\" data-e-type=\"column\">\n\t\t\t<div class=\"elementor-widget-wrap elementor-element-populated\">\n\t\t\t\t\t\t<div class=\"elementor-element elementor-element-ca43a0e elementor-widget elementor-widget-accordion\" data-id=\"ca43a0e\" data-element_type=\"widget\" data-e-type=\"widget\" data-widget_type=\"accordion.default\">\n\t\t\t\t<div class=\"elementor-widget-container\">\n\t\t\t\t\t\t\t<div class=\"elementor-accordion\">\n\t\t\t\t\t\t\t<div class=\"elementor-accordion-item\">\n\t\t\t\t\t<div id=\"elementor-tab-title-2121\" class=\"elementor-tab-title\" data-tab=\"1\" role=\"button\" aria-controls=\"elementor-tab-content-2121\" aria-expanded=\"false\">\n\t\t\t\t\t\t\t\t\t\t\t\t\t<span class=\"elementor-accordion-icon elementor-accordion-icon-right\" aria-hidden=\"true\">\n\t\t\t\t\t\t\t\t\t\t\t\t\t\t\t<span class=\"elementor-accordion-icon-closed\"><i class=\"fas fa-chevron-down\"><\/i><\/span>\n\t\t\t\t\t\t\t\t<span class=\"elementor-accordion-icon-opened\"><i class=\"fas fa-chevron-up\"><\/i><\/span>\n\t\t\t\t\t\t\t\t\t\t\t\t\t\t<\/span>\n\t\t\t\t\t\t\t\t\t\t\t\t<a class=\"elementor-accordion-title\" tabindex=\"0\">N\u00e4r anv\u00e4nds akustisk profil?<\/a>\n\t\t\t\t\t<\/div>\n\t\t\t\t\t<div id=\"elementor-tab-content-2121\" class=\"elementor-tab-content elementor-clearfix\" data-tab=\"1\" role=\"region\" aria-labelledby=\"elementor-tab-title-2121\"><p>I Estland fastst\u00e4lls regler och krav f\u00f6r bullerniv\u00e5er i olika lagar och standarder:<\/p>\n<ul>\n<li><strong>Riigi Teataja: https:\/\/www.riigiteataja.ee\/akt\/104042017014<\/strong><\/li>\n<li><strong>Byggnadslagen: f\u00f6rordning nr 8 &#8221;Krav p\u00e5 byggnader&#8221;.<\/strong><\/li>\n<li><strong>Estnisk standard EVS 842:2003 &#8221;Ljudisoleringskrav f\u00f6r byggnader.\u201d<\/strong><\/li>\n<li><strong>Milj\u00f6ministeriets f\u00f6rordning nr 1 &#8221;Normer f\u00f6r omgivningsbuller&#8221;.<\/strong><\/li>\n<li><strong>H\u00e4lsomyndighetens riktlinjer och standarder.<\/strong><\/li>\n<\/ul>\n<p>Med hj\u00e4lp av akustiska profiler f\u00e5r konstruktioner i nya byggnader b\u00e4ttre ljudisolering och dessutom kan egenskaperna hos befintliga tak, skiljev\u00e4ggar och ytterv\u00e4ggar f\u00f6rb\u00e4ttras. Genom att installera specialformade akustiska vertikala profiler och horisontella profiler med packningar p\u00e5 golvet och i taket kan man uppn\u00e5 en ljudisolering p\u00e5 upp till 55 dB i v\u00e4ggen.<\/p>\n<p><a href=\"\/tootekategooria\/akustilised-profiilid\/\" target=\"_blank\" rel=\"noopener\">Se produkter<\/a><\/p>\n<\/div>\n\t\t\t\t<\/div>\n\t\t\t\t\t\t\t<div class=\"elementor-accordion-item\">\n\t\t\t\t\t<div id=\"elementor-tab-title-2122\" class=\"elementor-tab-title\" data-tab=\"2\" role=\"button\" aria-controls=\"elementor-tab-content-2122\" aria-expanded=\"false\">\n\t\t\t\t\t\t\t\t\t\t\t\t\t<span class=\"elementor-accordion-icon elementor-accordion-icon-right\" aria-hidden=\"true\">\n\t\t\t\t\t\t\t\t\t\t\t\t\t\t\t<span class=\"elementor-accordion-icon-closed\"><i class=\"fas fa-chevron-down\"><\/i><\/span>\n\t\t\t\t\t\t\t\t<span class=\"elementor-accordion-icon-opened\"><i class=\"fas fa-chevron-up\"><\/i><\/span>\n\t\t\t\t\t\t\t\t\t\t\t\t\t\t<\/span>\n\t\t\t\t\t\t\t\t\t\t\t\t<a class=\"elementor-accordion-title\" tabindex=\"0\">N\u00e4r anv\u00e4nds f\u00f6rst\u00e4rkta profiler?<\/a>\n\t\t\t\t\t<\/div>\n\t\t\t\t\t<div id=\"elementor-tab-content-2122\" class=\"elementor-tab-content elementor-clearfix\" data-tab=\"2\" role=\"region\" aria-labelledby=\"elementor-tab-title-2122\"><p>F\u00f6rst\u00e4rkta profiler \u00e4r avsedda f\u00f6r att bygga konstruktioner med h\u00f6g b\u00e4rf\u00f6rm\u00e5ga eller styvhet, t.ex. h\u00f6ga v\u00e4ggar (upp till 8 m), d\u00f6rr- och f\u00f6nster\u00f6ppningar, brands\u00e4kra tak med flera skikt gipsskivor.<br \/>Profiline har ocks\u00e5 ett sortiment av fixeringsf\u00e4sten som \u00e4r s\u00e4rskilt utformade f\u00f6r f\u00f6rst\u00e4rkta profiler.<\/p>\n<p><a href=\"\/tootekategooria\/tugevdatud-profiilid\/\" target=\"_blank\" rel=\"noopener\">Se produkter<\/a><\/p>\n<\/div>\n\t\t\t\t<\/div>\n\t\t\t\t\t\t\t<div class=\"elementor-accordion-item\">\n\t\t\t\t\t<div id=\"elementor-tab-title-2123\" class=\"elementor-tab-title\" data-tab=\"3\" role=\"button\" aria-controls=\"elementor-tab-content-2123\" aria-expanded=\"false\">\n\t\t\t\t\t\t\t\t\t\t\t\t\t<span class=\"elementor-accordion-icon elementor-accordion-icon-right\" aria-hidden=\"true\">\n\t\t\t\t\t\t\t\t\t\t\t\t\t\t\t<span class=\"elementor-accordion-icon-closed\"><i class=\"fas fa-chevron-down\"><\/i><\/span>\n\t\t\t\t\t\t\t\t<span class=\"elementor-accordion-icon-opened\"><i class=\"fas fa-chevron-up\"><\/i><\/span>\n\t\t\t\t\t\t\t\t\t\t\t\t\t\t<\/span>\n\t\t\t\t\t\t\t\t\t\t\t\t<a class=\"elementor-accordion-title\" tabindex=\"0\">N\u00e4r anv\u00e4nds brandv\u00e4ggar?<\/a>\n\t\t\t\t\t<\/div>\n\t\t\t\t\t<div id=\"elementor-tab-content-2123\" class=\"elementor-tab-content elementor-clearfix\" data-tab=\"3\" role=\"region\" aria-labelledby=\"elementor-tab-title-2123\"><p><strong>F\u00f6r att uppfylla brands\u00e4kerhetskraven:<\/strong>&nbsp;Brandv\u00e4ggar \u00e4r n\u00f6dv\u00e4ndiga f\u00f6r att uppfylla byggnormer och brands\u00e4kerhetskrav som fastst\u00e4lls i lokala lagar och f\u00f6rordningar. De \u00e4r s\u00e4rskilt viktiga i offentliga byggnader, industrilokaler och stora bostadskomplex.<br \/><strong>F\u00f6r att f\u00f6rhindra brandspridning:<\/strong>&nbsp;I h\u00e4ndelse av brand bidrar brandv\u00e4ggar till att begr\u00e4nsa brandens spridning, vilket skyddar liv och egendom. Dessa v\u00e4ggar kan vara avg\u00f6rande f\u00f6r att s\u00e4kerst\u00e4lla en s\u00e4ker evakuering av en byggnad och f\u00f6r att underl\u00e4tta brandbek\u00e4mpningsarbetet.<\/p>\n<p><strong>F\u00f6r att skydda perifera utrymmen:<\/strong>&nbsp;Brandv\u00e4ggar installeras ofta i utrymmen d\u00e4r det \u00e4r n\u00f6dv\u00e4ndigt att separera olika omr\u00e5den med brandrisk, t.ex. pannrum, tekniska rum, f\u00f6rvaringsutrymmen eller parkeringsplatser fr\u00e5n andra delar av byggnaden.<\/p>\n<p><strong>F\u00f6r att skydda konstruktionen:<\/strong>&nbsp;Dessa v\u00e4ggar skyddar ocks\u00e5 byggnadens konstruktioner och s\u00e4kerst\u00e4ller att b\u00e4rande utrustning och andra viktiga konstruktionselement bevarar sin styrka tillr\u00e4ckligt l\u00e4nge f\u00f6r att m\u00f6jligg\u00f6ra evakuering och r\u00e4ddningsinsatser i h\u00e4ndelse av brand.<\/p>\n<p><strong>F\u00f6r att uppfylla f\u00f6rs\u00e4kringskrav:<\/strong>&nbsp;M\u00e5nga f\u00f6rs\u00e4kringsbolag kr\u00e4ver att byggnader ska ha brands\u00e4kra v\u00e4ggar f\u00f6r att minska potentiella f\u00f6rluster och premier.<\/p>\n<\/div>\n\t\t\t\t<\/div>\n\t\t\t\t\t\t\t<div class=\"elementor-accordion-item\">\n\t\t\t\t\t<div id=\"elementor-tab-title-2124\" class=\"elementor-tab-title\" data-tab=\"4\" role=\"button\" aria-controls=\"elementor-tab-content-2124\" aria-expanded=\"false\">\n\t\t\t\t\t\t\t\t\t\t\t\t\t<span class=\"elementor-accordion-icon elementor-accordion-icon-right\" aria-hidden=\"true\">\n\t\t\t\t\t\t\t\t\t\t\t\t\t\t\t<span class=\"elementor-accordion-icon-closed\"><i class=\"fas fa-chevron-down\"><\/i><\/span>\n\t\t\t\t\t\t\t\t<span class=\"elementor-accordion-icon-opened\"><i class=\"fas fa-chevron-up\"><\/i><\/span>\n\t\t\t\t\t\t\t\t\t\t\t\t\t\t<\/span>\n\t\t\t\t\t\t\t\t\t\t\t\t<a class=\"elementor-accordion-title\" tabindex=\"0\">Vad beror stommens avst\u00e5nd p\u00e5, 300\/450\/600 mm?<\/a>\n\t\t\t\t\t<\/div>\n\t\t\t\t\t<div id=\"elementor-tab-content-2124\" class=\"elementor-tab-content elementor-clearfix\" data-tab=\"4\" role=\"region\" aria-labelledby=\"elementor-tab-title-2124\"><ul>\n<li>Kortare avst\u00e5nd kan vara n\u00f6dv\u00e4ndigt f\u00f6r att uppn\u00e5 den&nbsp;<strong>brandklass<\/strong> som kr\u00e4vs.<\/li>\n<li><strong>Materialens<\/strong> brandmotst\u00e5nd och h\u00e5llfasthet p\u00e5verkar avst\u00e5ndet i konstruktionen.<\/li>\n<li><strong>H\u00f6gre och tjockare<\/strong> v\u00e4ggar kan kr\u00e4va en t\u00e4tare layout i stommen.<\/li>\n<li>En t\u00e4tare stomme kan beh\u00f6vas f\u00f6r optimal f\u00f6rdelning av <strong>belastning<\/strong>.<\/li>\n<li><strong>Byggnormer och f\u00f6reskrifter<\/strong> avg\u00f6r ofta hur konstruktionen ska utformas.<\/li>\n<li><strong>Installationsmetoderna:<\/strong>&nbsp;ny teknik och nya installationsmetoder kan p\u00e5verka avst\u00e5nden i stommen.<\/li>\n<\/ul>\n<p>&nbsp;<\/p>\n<p>Sammanfattningsvis m\u00e5ste projekteringsriktlinjer och lokala byggregler f\u00f6ljas f\u00f6r att s\u00e4kerst\u00e4lla att brands\u00e4kerheten uppfyller kraven.<\/p>\n<\/div>\n\t\t\t\t<\/div>\n\t\t\t\t\t\t\t<div class=\"elementor-accordion-item\">\n\t\t\t\t\t<div id=\"elementor-tab-title-2125\" class=\"elementor-tab-title\" data-tab=\"5\" role=\"button\" aria-controls=\"elementor-tab-content-2125\" aria-expanded=\"false\">\n\t\t\t\t\t\t\t\t\t\t\t\t\t<span class=\"elementor-accordion-icon elementor-accordion-icon-right\" aria-hidden=\"true\">\n\t\t\t\t\t\t\t\t\t\t\t\t\t\t\t<span class=\"elementor-accordion-icon-closed\"><i class=\"fas fa-chevron-down\"><\/i><\/span>\n\t\t\t\t\t\t\t\t<span class=\"elementor-accordion-icon-opened\"><i class=\"fas fa-chevron-up\"><\/i><\/span>\n\t\t\t\t\t\t\t\t\t\t\t\t\t\t<\/span>\n\t\t\t\t\t\t\t\t\t\t\t\t<a class=\"elementor-accordion-title\" tabindex=\"0\">Hur vet jag hur mycket byggnaden sjunker?<\/a>\n\t\t\t\t\t<\/div>\n\t\t\t\t\t<div id=\"elementor-tab-content-2125\" class=\"elementor-tab-content elementor-clearfix\" data-tab=\"5\" role=\"region\" aria-labelledby=\"elementor-tab-title-2125\"><p>S\u00e4ttningar i byggnader av olika material beror p\u00e5 materialet, jordm\u00e5nen och typen av grund:<\/p>\n<p><strong>Betong<\/strong>: Vanligtvis mycket liten s\u00e4ttning, fr\u00e5n n\u00e5gra millimeter till n\u00e5gra centimeter.<\/p>\n<p><strong>Tegel:<\/strong>&nbsp;Medelstor s\u00e4ttning, fr\u00e5n n\u00e5gra millimeter till n\u00e5gra centimeter.<\/p>\n<p><strong>Tr\u00e4:<\/strong>&nbsp;Mycket liten s\u00e4ttning, ofta under&nbsp;\u22641 cm.<\/p>\n<p><strong>St\u00e5l:<\/strong>&nbsp;Liten till m\u00e5ttlig s\u00e4ttning, under&nbsp;\u22641 cm till n\u00e5gra cm.<\/p>\n<p><strong>L\u00e4ttballastblock<\/strong>&nbsp;(t.ex. Aeroc, Fibo): Liten s\u00e4ttning, n\u00e5gra millimeter till n\u00e5gra centimeter.<\/p>\n<p><strong>Betongblock:<\/strong>&nbsp;M\u00e5ttlig s\u00e4ttning, n\u00e5gra millimeter till n\u00e5gra centimeter.<\/p>\n<p>S\u00e4nkningen p\u00e5verkas mest av markens egenskaper och typ av grund. Exempelvis lerjord kan orsaka st\u00f6rre s\u00e4ttningar \u00e4n sandjord.<\/p>\n<\/div>\n\t\t\t\t<\/div>\n\t\t\t\t\t\t\t<div class=\"elementor-accordion-item\">\n\t\t\t\t\t<div id=\"elementor-tab-title-2126\" class=\"elementor-tab-title\" data-tab=\"6\" role=\"button\" aria-controls=\"elementor-tab-content-2126\" aria-expanded=\"false\">\n\t\t\t\t\t\t\t\t\t\t\t\t\t<span class=\"elementor-accordion-icon elementor-accordion-icon-right\" aria-hidden=\"true\">\n\t\t\t\t\t\t\t\t\t\t\t\t\t\t\t<span class=\"elementor-accordion-icon-closed\"><i class=\"fas fa-chevron-down\"><\/i><\/span>\n\t\t\t\t\t\t\t\t<span class=\"elementor-accordion-icon-opened\"><i class=\"fas fa-chevron-up\"><\/i><\/span>\n\t\t\t\t\t\t\t\t\t\t\t\t\t\t<\/span>\n\t\t\t\t\t\t\t\t\t\t\t\t<a class=\"elementor-accordion-title\" tabindex=\"0\">Var anv\u00e4nds hattprofiler?<\/a>\n\t\t\t\t\t<\/div>\n\t\t\t\t\t<div id=\"elementor-tab-content-2126\" class=\"elementor-tab-content elementor-clearfix\" data-tab=\"6\" role=\"region\" aria-labelledby=\"elementor-tab-title-2126\"><p><strong>V\u00e4ggkonstruktioner:<\/strong>&nbsp;Hattprofiler anv\u00e4nds ofta vid montering av gipsskivor p\u00e5 v\u00e4ggar f\u00f6r att skapa en fast och j\u00e4mn yta f\u00f6r montering av gipsskivorna. De s\u00e4kerst\u00e4ller v\u00e4ggens styrka och stabilitet.<\/p>\n<p><strong>Takbygge:<\/strong> Hattprofiler \u00e4r ocks\u00e5 viktiga vid installation av tak, d\u00e4r de anv\u00e4nds f\u00f6r att f\u00e4sta gipsskivor och s\u00e4kerst\u00e4lla en j\u00e4mn yta p\u00e5 taket. Dessa profiler bidrar till att skapa en j\u00e4mn och korrekt yta p\u00e5 taket.<\/p>\n<p><strong>Fasader:<\/strong>&nbsp;I fasadkonstruktioner anv\u00e4nds hattprofiler i ventilerade fasadsystem. Dessa profiler s\u00e4kerst\u00e4ller korrekt fasts\u00e4ttning av ytterv\u00e4ggens bekl\u00e4dnad och bidrar till ventilation av fasaden.<\/p>\n<p><strong>Snedtak och takv\u00e5ningar:<\/strong>&nbsp;Hattprofiler \u00e4r ocks\u00e5 l\u00e4mpliga f\u00f6r snedtak och takv\u00e5ningar, d\u00e4r de ger st\u00f6d och g\u00f6r det enkelt att montera gipsskivor \u00e4ven p\u00e5 mer besv\u00e4rliga st\u00e4llen.<\/p>\n<p><strong>Olika konstruktioner:<\/strong>&nbsp;Tack vare hattprofilernas m\u00e5ngsidighet kan de anv\u00e4ndas i en m\u00e4ngd olika konstruktioner, t.ex. skiljev\u00e4ggar, taklister av gipsplattor och dekorativa element.<\/p>\n<p><strong>Renovering och ombyggnad:<\/strong>&nbsp;I renoveringsprojekt anv\u00e4nds hattprofiler f\u00f6r att j\u00e4mna ut gamla v\u00e4ggar och tak och montera nya gipsskivor f\u00f6r att uppn\u00e5 en modern, sl\u00e4t finish.<\/p>\n<\/div>\n\t\t\t\t<\/div>\n\t\t\t\t\t\t\t\t<\/div>\n\t\t\t\t\t\t<\/div>\n\t\t\t\t<\/div>\n\t\t\t\t\t<\/div>\n\t\t<\/div>\n\t\t\t\t\t<\/div>\n\t\t<\/section>\n\t\t\t\t<\/div>\n\t\t","protected":false},"excerpt":{"rendered":"<p>N\u00e4r anv\u00e4nds akustisk profil? I Estland fastst\u00e4lls regler och krav f\u00f6r bullerniv\u00e5er i olika lagar och standarder: Riigi Teataja: https:\/\/www.riigiteataja.ee\/akt\/104042017014 Byggnadslagen: f\u00f6rordning nr 8 &#8220;Krav p\u00e5 byggnader&#8221;. Estnisk standard EVS 842:2003 &#8220;Ljudisoleringskrav f\u00f6r byggnader.\u201d Milj\u00f6ministeriets f\u00f6rordning nr 1 &#8220;Normer f\u00f6r omgivningsbuller&#8221;. H\u00e4lsomyndighetens riktlinjer och standarder. Med hj\u00e4lp av akustiska profiler f\u00e5r konstruktioner i nya byggnader [&hellip;]<\/p>\n","protected":false},"author":2,"featured_media":0,"parent":0,"menu_order":0,"comment_status":"closed","ping_status":"closed","template":"","meta":{"_acf_changed":false,"footnotes":""},"class_list":["post-6755","page","type-page","status-publish","hentry"],"acf":[],"yoast_head":"<!-- This site is optimized with the Yoast SEO plugin v27.0 - https:\/\/yoast.com\/product\/yoast-seo-wordpress\/ -->\n<title>Vanliga fr\u00e5gor - Profiline<\/title>\n<meta name=\"robots\" content=\"index, follow, max-snippet:-1, max-image-preview:large, max-video-preview:-1\" \/>\n<link rel=\"canonical\" href=\"https:\/\/profiline.ee\/sv\/vanliga-fragor\/\" \/>\n<meta property=\"og:locale\" content=\"sv_SE\" \/>\n<meta property=\"og:type\" content=\"article\" \/>\n<meta property=\"og:title\" content=\"Vanliga fr\u00e5gor - Profiline\" \/>\n<meta property=\"og:description\" content=\"N\u00e4r anv\u00e4nds akustisk profil? I Estland fastst\u00e4lls regler och krav f\u00f6r bullerniv\u00e5er i olika lagar och standarder: Riigi Teataja: https:\/\/www.riigiteataja.ee\/akt\/104042017014 Byggnadslagen: f\u00f6rordning nr 8 &#8220;Krav p\u00e5 byggnader&#8221;. Estnisk standard EVS 842:2003 &#8220;Ljudisoleringskrav f\u00f6r byggnader.\u201d Milj\u00f6ministeriets f\u00f6rordning nr 1 &#8220;Normer f\u00f6r omgivningsbuller&#8221;. H\u00e4lsomyndighetens riktlinjer och standarder. Med hj\u00e4lp av akustiska profiler f\u00e5r konstruktioner i nya byggnader [&hellip;]\" \/>\n<meta property=\"og:url\" content=\"https:\/\/profiline.ee\/sv\/vanliga-fragor\/\" \/>\n<meta property=\"og:site_name\" content=\"Profiline\" \/>\n<meta property=\"article:modified_time\" content=\"2025-01-23T13:31:12+00:00\" \/>\n<meta name=\"twitter:card\" content=\"summary_large_image\" \/>\n<meta name=\"twitter:label1\" content=\"Ber\u00e4knad l\u00e4stid\" \/>\n\t<meta name=\"twitter:data1\" content=\"4 minuter\" \/>\n<script type=\"application\/ld+json\" class=\"yoast-schema-graph\">{\"@context\":\"https:\/\/schema.org\",\"@graph\":[{\"@type\":\"WebPage\",\"@id\":\"https:\/\/profiline.ee\/sv\/vanliga-fragor\/\",\"url\":\"https:\/\/profiline.ee\/sv\/vanliga-fragor\/\",\"name\":\"Vanliga fr\u00e5gor - Profiline\",\"isPartOf\":{\"@id\":\"https:\/\/profiline.ee\/sv\/#website\"},\"datePublished\":\"2024-10-14T12:01:51+00:00\",\"dateModified\":\"2025-01-23T13:31:12+00:00\",\"inLanguage\":\"sv-SE\",\"potentialAction\":[{\"@type\":\"ReadAction\",\"target\":[\"https:\/\/profiline.ee\/sv\/vanliga-fragor\/\"]}]},{\"@type\":\"WebSite\",\"@id\":\"https:\/\/profiline.ee\/sv\/#website\",\"url\":\"https:\/\/profiline.ee\/sv\/\",\"name\":\"Profiline\",\"description\":\"\",\"publisher\":{\"@id\":\"https:\/\/profiline.ee\/sv\/#organization\"},\"potentialAction\":[{\"@type\":\"SearchAction\",\"target\":{\"@type\":\"EntryPoint\",\"urlTemplate\":\"https:\/\/profiline.ee\/sv\/?s={search_term_string}\"},\"query-input\":{\"@type\":\"PropertyValueSpecification\",\"valueRequired\":true,\"valueName\":\"search_term_string\"}}],\"inLanguage\":\"sv-SE\"},{\"@type\":\"Organization\",\"@id\":\"https:\/\/profiline.ee\/sv\/#organization\",\"name\":\"Leden Estonia AS\",\"url\":\"https:\/\/profiline.ee\/sv\/\",\"logo\":{\"@type\":\"ImageObject\",\"inLanguage\":\"sv-SE\",\"@id\":\"https:\/\/profiline.ee\/sv\/#\/schema\/logo\/image\/\",\"url\":\"https:\/\/profiline.ee\/wp-content\/uploads\/2023\/05\/logo.svg\",\"contentUrl\":\"https:\/\/profiline.ee\/wp-content\/uploads\/2023\/05\/logo.svg\",\"width\":180,\"height\":50,\"caption\":\"Leden Estonia AS\"},\"image\":{\"@id\":\"https:\/\/profiline.ee\/sv\/#\/schema\/logo\/image\/\"}}]}<\/script>\n<!-- \/ Yoast SEO plugin. -->","yoast_head_json":{"title":"Vanliga fr\u00e5gor - Profiline","robots":{"index":"index","follow":"follow","max-snippet":"max-snippet:-1","max-image-preview":"max-image-preview:large","max-video-preview":"max-video-preview:-1"},"canonical":"https:\/\/profiline.ee\/sv\/vanliga-fragor\/","og_locale":"sv_SE","og_type":"article","og_title":"Vanliga fr\u00e5gor - Profiline","og_description":"N\u00e4r anv\u00e4nds akustisk profil? I Estland fastst\u00e4lls regler och krav f\u00f6r bullerniv\u00e5er i olika lagar och standarder: Riigi Teataja: https:\/\/www.riigiteataja.ee\/akt\/104042017014 Byggnadslagen: f\u00f6rordning nr 8 &#8220;Krav p\u00e5 byggnader&#8221;. Estnisk standard EVS 842:2003 &#8220;Ljudisoleringskrav f\u00f6r byggnader.\u201d Milj\u00f6ministeriets f\u00f6rordning nr 1 &#8220;Normer f\u00f6r omgivningsbuller&#8221;. H\u00e4lsomyndighetens riktlinjer och standarder. Med hj\u00e4lp av akustiska profiler f\u00e5r konstruktioner i nya byggnader [&hellip;]","og_url":"https:\/\/profiline.ee\/sv\/vanliga-fragor\/","og_site_name":"Profiline","article_modified_time":"2025-01-23T13:31:12+00:00","twitter_card":"summary_large_image","twitter_misc":{"Ber\u00e4knad l\u00e4stid":"4 minuter"},"schema":{"@context":"https:\/\/schema.org","@graph":[{"@type":"WebPage","@id":"https:\/\/profiline.ee\/sv\/vanliga-fragor\/","url":"https:\/\/profiline.ee\/sv\/vanliga-fragor\/","name":"Vanliga fr\u00e5gor - Profiline","isPartOf":{"@id":"https:\/\/profiline.ee\/sv\/#website"},"datePublished":"2024-10-14T12:01:51+00:00","dateModified":"2025-01-23T13:31:12+00:00","inLanguage":"sv-SE","potentialAction":[{"@type":"ReadAction","target":["https:\/\/profiline.ee\/sv\/vanliga-fragor\/"]}]},{"@type":"WebSite","@id":"https:\/\/profiline.ee\/sv\/#website","url":"https:\/\/profiline.ee\/sv\/","name":"Profiline","description":"","publisher":{"@id":"https:\/\/profiline.ee\/sv\/#organization"},"potentialAction":[{"@type":"SearchAction","target":{"@type":"EntryPoint","urlTemplate":"https:\/\/profiline.ee\/sv\/?s={search_term_string}"},"query-input":{"@type":"PropertyValueSpecification","valueRequired":true,"valueName":"search_term_string"}}],"inLanguage":"sv-SE"},{"@type":"Organization","@id":"https:\/\/profiline.ee\/sv\/#organization","name":"Leden Estonia AS","url":"https:\/\/profiline.ee\/sv\/","logo":{"@type":"ImageObject","inLanguage":"sv-SE","@id":"https:\/\/profiline.ee\/sv\/#\/schema\/logo\/image\/","url":"https:\/\/profiline.ee\/wp-content\/uploads\/2023\/05\/logo.svg","contentUrl":"https:\/\/profiline.ee\/wp-content\/uploads\/2023\/05\/logo.svg","width":180,"height":50,"caption":"Leden Estonia AS"},"image":{"@id":"https:\/\/profiline.ee\/sv\/#\/schema\/logo\/image\/"}}]}},"_links":{"self":[{"href":"https:\/\/profiline.ee\/sv\/wp-json\/wp\/v2\/pages\/6755","targetHints":{"allow":["GET"]}}],"collection":[{"href":"https:\/\/profiline.ee\/sv\/wp-json\/wp\/v2\/pages"}],"about":[{"href":"https:\/\/profiline.ee\/sv\/wp-json\/wp\/v2\/types\/page"}],"author":[{"embeddable":true,"href":"https:\/\/profiline.ee\/sv\/wp-json\/wp\/v2\/users\/2"}],"replies":[{"embeddable":true,"href":"https:\/\/profiline.ee\/sv\/wp-json\/wp\/v2\/comments?post=6755"}],"version-history":[{"count":3,"href":"https:\/\/profiline.ee\/sv\/wp-json\/wp\/v2\/pages\/6755\/revisions"}],"predecessor-version":[{"id":6758,"href":"https:\/\/profiline.ee\/sv\/wp-json\/wp\/v2\/pages\/6755\/revisions\/6758"}],"wp:attachment":[{"href":"https:\/\/profiline.ee\/sv\/wp-json\/wp\/v2\/media?parent=6755"}],"curies":[{"name":"wp","href":"https:\/\/api.w.org\/{rel}","templated":true}]}}