{"id":6636,"date":"2022-10-20T13:11:50","date_gmt":"2022-10-20T11:11:50","guid":{"rendered":"https:\/\/profiline.ee\/tietosuojakaytanto\/"},"modified":"2025-01-23T15:05:13","modified_gmt":"2025-01-23T13:05:13","slug":"tietosuojakaytanto","status":"publish","type":"page","link":"https:\/\/profiline.ee\/fi\/tietosuojakaytanto\/","title":{"rendered":"Tietosuojak\u00e4yt\u00e4nt\u00f6"},"content":{"rendered":"\n<h4 class=\"wp-block-heading\">Ev\u00e4steet <\/h4>\n\n<p>Jos j\u00e4t\u00e4t kommentin sivustollemme, voit sallia nimesi, s\u00e4hk\u00f6postiosoitteesi ja verkkosivustosi tallentamisen ev\u00e4steisiin. N\u00e4m\u00e4 ovat sinun mukavuutesi hyv\u00e4ksi, joten sinun ei tarvitse sy\u00f6tt\u00e4\u00e4 tietojasi uudelleen, kun j\u00e4t\u00e4t toisen kommentin. N\u00e4m\u00e4 ev\u00e4steet s\u00e4ilyv\u00e4t vuoden ajan. <\/p>\n\n<p>Kun vierailet kirjautumissivullamme, asetamme v\u00e4liaikaisen ev\u00e4steen m\u00e4\u00e4ritt\u00e4\u00e4ksemme, hyv\u00e4ksyyk\u00f6 selaimesi ev\u00e4steet. T\u00e4m\u00e4 ev\u00e4ste ei sis\u00e4ll\u00e4 henkil\u00f6tietoja, ja se h\u00e4vitet\u00e4\u00e4n, kun suljet selaimesi. Kun kirjaudut sis\u00e4\u00e4n, asetamme my\u00f6s useita ev\u00e4steit\u00e4 tallentaaksemme kirjautumistietosi ja n\u00e4ytt\u00f6asetuksesi. Kirjautumisev\u00e4steet s\u00e4ilyv\u00e4t kaksi p\u00e4iv\u00e4\u00e4 ja n\u00e4ytt\u00f6valintaev\u00e4steet vuoden. <\/p>\n\n<p>Jos valitset &#8221;Muista minut&#8221;, kirjautumisesi pysyy aktiivisena kahden viikon ajan. Kun kirjaudut ulos tililt\u00e4si, kirjautumisev\u00e4steet poistetaan.<\/p>\n\n<p>Kun muokkaat tai julkaiset artikkelia, selaimeesi tallennetaan ylim\u00e4\u00e4r\u00e4inen ev\u00e4ste. T\u00e4m\u00e4 ev\u00e4ste ei sis\u00e4ll\u00e4 henkil\u00f6tietoja, ja se n\u00e4ytt\u00e4\u00e4 vain \u00e4skett\u00e4in muokatun artikkelin postitustunnuksen. Se vanhenee 1 p\u00e4iv\u00e4n kuluttua.<\/p>\n\n<h4 class=\"wp-block-heading\">Liitetty sis\u00e4lt\u00f6 muilta verkkosivustoilta <\/h4>\n\n<p>T\u00e4m\u00e4n sivuston artikkelit voivat sis\u00e4lt\u00e4\u00e4 liitetty\u00e4 sis\u00e4lt\u00f6\u00e4 (esim. videoita, kuvia, artikkeleita jne.). Muille verkkosivustoille liitetty sis\u00e4lt\u00f6 k\u00e4ytt\u00e4ytyy aivan samalla tavalla, kuin jos k\u00e4vij\u00e4 olisi vieraillut toisella verkkosivustolla. <\/p>\n\n<p>N\u00e4m\u00e4 verkkosivustot voivat ker\u00e4t\u00e4 tietoja sinusta, k\u00e4ytt\u00e4\u00e4 ev\u00e4steit\u00e4, liitt\u00e4\u00e4 kolmannen osapuolen lis\u00e4seurantaa ja seurata vuorovaikutustaan sen liitetyn sis\u00e4ll\u00f6n kanssa, mukaan lukien seurata vuorovaikutustaan liitetyn sis\u00e4ll\u00f6n kanssa, jos sinulla on tili ja olet kirjautunut kyseiselle verkkosivustolle.<\/p>\n\n<h4 class=\"wp-block-heading\">Kenen kanssa jaamme tietojasi <\/h4>\n\n<p>Jos pyyd\u00e4t salasanan palautusta, IP-osoitteesi sis\u00e4llytet\u00e4\u00e4n palautuss\u00e4hk\u00f6postiin. <\/p>\n\n<h4 class=\"wp-block-heading\">Kuinka kauan s\u00e4ilyt\u00e4mme tietojasi <\/h4>\n\n<p>Jos j\u00e4t\u00e4t kommentin, kommentti ja sen metatiedot s\u00e4ilytet\u00e4\u00e4n loputtomiin. N\u00e4in voimme automaattisesti tunnistaa ja hyv\u00e4ksy\u00e4 kaikki jatkokommentit sen sijaan, ett\u00e4 pit\u00e4isimme niit\u00e4 moderointijonossa. <\/p>\n\n<p>Sivustollamme rekister\u00f6ityneiden k\u00e4ytt\u00e4jien (jos sellaisia on) osalta tallennamme heid\u00e4n antamansa henkil\u00f6tiedot my\u00f6s heid\u00e4n k\u00e4ytt\u00e4j\u00e4profiiliinsa. Kaikki k\u00e4ytt\u00e4j\u00e4t voivat milloin tahansa tarkastella, muokata tai poistaa henkil\u00f6tietojaan (paitsi jos he eiv\u00e4t voi muuttaa k\u00e4ytt\u00e4j\u00e4tunnustaan). Verkkosivuston yll\u00e4pit\u00e4j\u00e4t voivat my\u00f6s tarkastella ja muokata n\u00e4it\u00e4 tietoja.<\/p>\n\n<h4 class=\"wp-block-heading\">Mit\u00e4 oikeuksia sinulla on tietojesi suhteen? <\/h4>\n\n<p>Jos sinulla on tili t\u00e4ll\u00e4 sivustolla tai olet j\u00e4tt\u00e4nyt kommentteja, voit pyyt\u00e4\u00e4, ett\u00e4 sinulle l\u00e4hetet\u00e4\u00e4n tiedosto sinusta hallussamme olevista henkil\u00f6tiedoista, mukaan lukien kaikki meille antamasi tiedot. Voit my\u00f6s pyyt\u00e4\u00e4, ett\u00e4 poistamme kaikki hallussamme olevat henkil\u00f6tietosi. Se ei sis\u00e4ll\u00e4 tietoja, jotka meid\u00e4n on s\u00e4ilytett\u00e4v\u00e4 hallinnollisista, oikeudellisista tai turvallisuussyist\u00e4. <\/p>\n\n<p><\/p>\n","protected":false},"excerpt":{"rendered":"<p>Ev\u00e4steet Jos j\u00e4t\u00e4t kommentin sivustollemme, voit sallia nimesi, s\u00e4hk\u00f6postiosoitteesi ja verkkosivustosi tallentamisen ev\u00e4steisiin. N\u00e4m\u00e4 ovat sinun mukavuutesi hyv\u00e4ksi, joten sinun ei tarvitse sy\u00f6tt\u00e4\u00e4 tietojasi uudelleen, kun j\u00e4t\u00e4t toisen kommentin. N\u00e4m\u00e4 ev\u00e4steet s\u00e4ilyv\u00e4t vuoden ajan. Kun vierailet kirjautumissivullamme, asetamme v\u00e4liaikaisen ev\u00e4steen m\u00e4\u00e4ritt\u00e4\u00e4ksemme, hyv\u00e4ksyyk\u00f6 selaimesi ev\u00e4steet. T\u00e4m\u00e4 ev\u00e4ste ei sis\u00e4ll\u00e4 henkil\u00f6tietoja, ja se h\u00e4vitet\u00e4\u00e4n, kun suljet selaimesi. [&hellip;]<\/p>\n","protected":false},"author":2,"featured_media":0,"parent":0,"menu_order":0,"comment_status":"closed","ping_status":"closed","template":"","meta":{"_acf_changed":false,"footnotes":""},"class_list":["post-6636","page","type-page","status-publish","hentry"],"acf":[],"yoast_head":"<!-- This site is optimized with the Yoast SEO plugin v27.4 - https:\/\/yoast.com\/product\/yoast-seo-wordpress\/ -->\n<title>Tietosuojak\u00e4yt\u00e4nt\u00f6 - Profiline<\/title>\n<meta name=\"robots\" content=\"index, follow, max-snippet:-1, max-image-preview:large, max-video-preview:-1\" \/>\n<link rel=\"canonical\" href=\"https:\/\/profiline.ee\/fi\/tietosuojakaytanto\/\" \/>\n<meta property=\"og:locale\" content=\"fi_FI\" \/>\n<meta property=\"og:type\" content=\"article\" \/>\n<meta property=\"og:title\" content=\"Tietosuojak\u00e4yt\u00e4nt\u00f6 - Profiline\" \/>\n<meta property=\"og:description\" content=\"Ev\u00e4steet Jos j\u00e4t\u00e4t kommentin sivustollemme, voit sallia nimesi, s\u00e4hk\u00f6postiosoitteesi ja verkkosivustosi tallentamisen ev\u00e4steisiin. N\u00e4m\u00e4 ovat sinun mukavuutesi hyv\u00e4ksi, joten sinun ei tarvitse sy\u00f6tt\u00e4\u00e4 tietojasi uudelleen, kun j\u00e4t\u00e4t toisen kommentin. N\u00e4m\u00e4 ev\u00e4steet s\u00e4ilyv\u00e4t vuoden ajan. Kun vierailet kirjautumissivullamme, asetamme v\u00e4liaikaisen ev\u00e4steen m\u00e4\u00e4ritt\u00e4\u00e4ksemme, hyv\u00e4ksyyk\u00f6 selaimesi ev\u00e4steet. T\u00e4m\u00e4 ev\u00e4ste ei sis\u00e4ll\u00e4 henkil\u00f6tietoja, ja se h\u00e4vitet\u00e4\u00e4n, kun suljet selaimesi. [&hellip;]\" \/>\n<meta property=\"og:url\" content=\"https:\/\/profiline.ee\/fi\/tietosuojakaytanto\/\" \/>\n<meta property=\"og:site_name\" content=\"Profiline\" \/>\n<meta property=\"article:modified_time\" content=\"2025-01-23T13:05:13+00:00\" \/>\n<meta name=\"twitter:card\" content=\"summary_large_image\" \/>\n<meta name=\"twitter:label1\" content=\"Arvioitu lukuaika\" \/>\n\t<meta name=\"twitter:data1\" content=\"2 minuuttia\" \/>\n<script type=\"application\/ld+json\" class=\"yoast-schema-graph\">{\"@context\":\"https:\\\/\\\/schema.org\",\"@graph\":[{\"@type\":\"WebPage\",\"@id\":\"https:\\\/\\\/profiline.ee\\\/fi\\\/tietosuojakaytanto\\\/\",\"url\":\"https:\\\/\\\/profiline.ee\\\/fi\\\/tietosuojakaytanto\\\/\",\"name\":\"Tietosuojak\u00e4yt\u00e4nt\u00f6 - Profiline\",\"isPartOf\":{\"@id\":\"https:\\\/\\\/profiline.ee\\\/fi\\\/#website\"},\"datePublished\":\"2022-10-20T11:11:50+00:00\",\"dateModified\":\"2025-01-23T13:05:13+00:00\",\"inLanguage\":\"fi\",\"potentialAction\":[{\"@type\":\"ReadAction\",\"target\":[\"https:\\\/\\\/profiline.ee\\\/fi\\\/tietosuojakaytanto\\\/\"]}]},{\"@type\":\"WebSite\",\"@id\":\"https:\\\/\\\/profiline.ee\\\/fi\\\/#website\",\"url\":\"https:\\\/\\\/profiline.ee\\\/fi\\\/\",\"name\":\"Profiline\",\"description\":\"\",\"publisher\":{\"@id\":\"https:\\\/\\\/profiline.ee\\\/fi\\\/#organization\"},\"potentialAction\":[{\"@type\":\"SearchAction\",\"target\":{\"@type\":\"EntryPoint\",\"urlTemplate\":\"https:\\\/\\\/profiline.ee\\\/fi\\\/?s={search_term_string}\"},\"query-input\":{\"@type\":\"PropertyValueSpecification\",\"valueRequired\":true,\"valueName\":\"search_term_string\"}}],\"inLanguage\":\"fi\"},{\"@type\":\"Organization\",\"@id\":\"https:\\\/\\\/profiline.ee\\\/fi\\\/#organization\",\"name\":\"Leden Estonia AS\",\"url\":\"https:\\\/\\\/profiline.ee\\\/fi\\\/\",\"logo\":{\"@type\":\"ImageObject\",\"inLanguage\":\"fi\",\"@id\":\"https:\\\/\\\/profiline.ee\\\/fi\\\/#\\\/schema\\\/logo\\\/image\\\/\",\"url\":\"https:\\\/\\\/profiline.ee\\\/wp-content\\\/uploads\\\/2023\\\/05\\\/logo.svg\",\"contentUrl\":\"https:\\\/\\\/profiline.ee\\\/wp-content\\\/uploads\\\/2023\\\/05\\\/logo.svg\",\"width\":180,\"height\":50,\"caption\":\"Leden Estonia AS\"},\"image\":{\"@id\":\"https:\\\/\\\/profiline.ee\\\/fi\\\/#\\\/schema\\\/logo\\\/image\\\/\"}}]}<\/script>\n<!-- \/ Yoast SEO plugin. -->","yoast_head_json":{"title":"Tietosuojak\u00e4yt\u00e4nt\u00f6 - Profiline","robots":{"index":"index","follow":"follow","max-snippet":"max-snippet:-1","max-image-preview":"max-image-preview:large","max-video-preview":"max-video-preview:-1"},"canonical":"https:\/\/profiline.ee\/fi\/tietosuojakaytanto\/","og_locale":"fi_FI","og_type":"article","og_title":"Tietosuojak\u00e4yt\u00e4nt\u00f6 - Profiline","og_description":"Ev\u00e4steet Jos j\u00e4t\u00e4t kommentin sivustollemme, voit sallia nimesi, s\u00e4hk\u00f6postiosoitteesi ja verkkosivustosi tallentamisen ev\u00e4steisiin. N\u00e4m\u00e4 ovat sinun mukavuutesi hyv\u00e4ksi, joten sinun ei tarvitse sy\u00f6tt\u00e4\u00e4 tietojasi uudelleen, kun j\u00e4t\u00e4t toisen kommentin. N\u00e4m\u00e4 ev\u00e4steet s\u00e4ilyv\u00e4t vuoden ajan. Kun vierailet kirjautumissivullamme, asetamme v\u00e4liaikaisen ev\u00e4steen m\u00e4\u00e4ritt\u00e4\u00e4ksemme, hyv\u00e4ksyyk\u00f6 selaimesi ev\u00e4steet. T\u00e4m\u00e4 ev\u00e4ste ei sis\u00e4ll\u00e4 henkil\u00f6tietoja, ja se h\u00e4vitet\u00e4\u00e4n, kun suljet selaimesi. [&hellip;]","og_url":"https:\/\/profiline.ee\/fi\/tietosuojakaytanto\/","og_site_name":"Profiline","article_modified_time":"2025-01-23T13:05:13+00:00","twitter_card":"summary_large_image","twitter_misc":{"Arvioitu lukuaika":"2 minuuttia"},"schema":{"@context":"https:\/\/schema.org","@graph":[{"@type":"WebPage","@id":"https:\/\/profiline.ee\/fi\/tietosuojakaytanto\/","url":"https:\/\/profiline.ee\/fi\/tietosuojakaytanto\/","name":"Tietosuojak\u00e4yt\u00e4nt\u00f6 - Profiline","isPartOf":{"@id":"https:\/\/profiline.ee\/fi\/#website"},"datePublished":"2022-10-20T11:11:50+00:00","dateModified":"2025-01-23T13:05:13+00:00","inLanguage":"fi","potentialAction":[{"@type":"ReadAction","target":["https:\/\/profiline.ee\/fi\/tietosuojakaytanto\/"]}]},{"@type":"WebSite","@id":"https:\/\/profiline.ee\/fi\/#website","url":"https:\/\/profiline.ee\/fi\/","name":"Profiline","description":"","publisher":{"@id":"https:\/\/profiline.ee\/fi\/#organization"},"potentialAction":[{"@type":"SearchAction","target":{"@type":"EntryPoint","urlTemplate":"https:\/\/profiline.ee\/fi\/?s={search_term_string}"},"query-input":{"@type":"PropertyValueSpecification","valueRequired":true,"valueName":"search_term_string"}}],"inLanguage":"fi"},{"@type":"Organization","@id":"https:\/\/profiline.ee\/fi\/#organization","name":"Leden Estonia AS","url":"https:\/\/profiline.ee\/fi\/","logo":{"@type":"ImageObject","inLanguage":"fi","@id":"https:\/\/profiline.ee\/fi\/#\/schema\/logo\/image\/","url":"https:\/\/profiline.ee\/wp-content\/uploads\/2023\/05\/logo.svg","contentUrl":"https:\/\/profiline.ee\/wp-content\/uploads\/2023\/05\/logo.svg","width":180,"height":50,"caption":"Leden Estonia AS"},"image":{"@id":"https:\/\/profiline.ee\/fi\/#\/schema\/logo\/image\/"}}]}},"_links":{"self":[{"href":"https:\/\/profiline.ee\/fi\/wp-json\/wp\/v2\/pages\/6636","targetHints":{"allow":["GET"]}}],"collection":[{"href":"https:\/\/profiline.ee\/fi\/wp-json\/wp\/v2\/pages"}],"about":[{"href":"https:\/\/profiline.ee\/fi\/wp-json\/wp\/v2\/types\/page"}],"author":[{"embeddable":true,"href":"https:\/\/profiline.ee\/fi\/wp-json\/wp\/v2\/users\/2"}],"replies":[{"embeddable":true,"href":"https:\/\/profiline.ee\/fi\/wp-json\/wp\/v2\/comments?post=6636"}],"version-history":[{"count":3,"href":"https:\/\/profiline.ee\/fi\/wp-json\/wp\/v2\/pages\/6636\/revisions"}],"predecessor-version":[{"id":6640,"href":"https:\/\/profiline.ee\/fi\/wp-json\/wp\/v2\/pages\/6636\/revisions\/6640"}],"wp:attachment":[{"href":"https:\/\/profiline.ee\/fi\/wp-json\/wp\/v2\/media?parent=6636"}],"curies":[{"name":"wp","href":"https:\/\/api.w.org\/{rel}","templated":true}]}}