{"id":6618,"date":"2023-06-14T10:53:33","date_gmt":"2023-06-14T08:53:33","guid":{"rendered":"https:\/\/profiline.ee\/sertifikaatit-ja-tuoteasiakirjat\/"},"modified":"2025-10-20T14:04:01","modified_gmt":"2025-10-20T12:04:01","slug":"sertifikaatit-ja-tuoteasiakirjat","status":"publish","type":"page","link":"https:\/\/profiline.ee\/fi\/sertifikaatit-ja-tuoteasiakirjat\/","title":{"rendered":"Sertifikaatit ja tuoteasiakirjat"},"content":{"rendered":"\n<h3 class=\"wp-block-heading\">Tuoteluettelot<\/h3>\n\n\n\n<ul class=\"wp-block-list\">\n<li><a href=\"https:\/\/profiline.ee\/wp-content\/uploads\/2025\/05\/profiline-catalogue-eng-v2.pdf\" target=\"_blank\" rel=\"noreferrer noopener\">Tuoteluettelo 2024<\/a><\/li>\n<\/ul>\n\n\n\n<h3 class=\"wp-block-heading\">Suoritustasoilmoitukset ja sertifikaatit<\/h3>\n\n\n\n<ul class=\"wp-block-list\">\n<li><a href=\"https:\/\/profiline.ee\/wp-content\/uploads\/2025\/10\/suoritustasoilmoitus-nr-01-001-terasprofiilit-v3.pdf\" target=\"_blank\" rel=\"noreferrer noopener\">Suoritustasoilmoitus Nro 01-001 Ter\u00e4sprofiilit<\/a><\/li>\n\n\n\n<li><a href=\"https:\/\/profiline.ee\/wp-content\/uploads\/2025\/10\/suoritustasoilmoitus-nr-02-002-gk60-055mm-v2.pdf\" target=\"_blank\" rel=\"noreferrer noopener\">Suoritustasoilmoitus Nro 02-002 CD60 0,55 mm<\/a><\/li>\n\n\n\n<li><a href=\"https:\/\/profiline.ee\/wp-content\/uploads\/2025\/10\/suoritustasoilmoitus-nr-02-004-gk60-c5-v2.pdf\" target=\"_blank\" rel=\"noreferrer noopener\">Suoritustasoilmoitus Nro 02-004 CD UD 0,6 ZM310<\/a><\/li>\n\n\n\n<li><a href=\"https:\/\/profiline.ee\/wp-content\/uploads\/2025\/10\/suoritustasoilmoitus-nr-02-005-gk60-07mm-v2.pdf\" target=\"_blank\" rel=\"noreferrer noopener\">Suoritustasoilmoitus Nro 02-005 GK60 0,7mm<\/a><\/li>\n\n\n\n<li><a href=\"https:\/\/profiline.ee\/wp-content\/uploads\/2025\/10\/suoritustasoilmoitus-nr-04-001-kiinitystarvikeet-v2.pdf\" target=\"_blank\" rel=\"noreferrer noopener\">Suoritustasoilmoitus Nro 04-001 Kiinnitysv\u00e4lineet<\/a><\/li>\n\n\n\n<li><a href=\"https:\/\/profiline.ee\/wp-content\/uploads\/2025\/10\/suoritustasoilmoitus-nr-04-001-kiinitystarvikeet-v2.pdf\" target=\"_blank\" rel=\"noreferrer noopener\">Suoritustasoilmoitus Nro 04-002 Akustiset kiinnitysv\u00e4lineet<\/a><\/li>\n\n\n\n<li><a href=\"https:\/\/profiline.ee\/wp-content\/uploads\/2025\/10\/suoritustasoilmoitus-nr-04-003-c5-kiinitystarvikeet-v3.pdf\" target=\"_blank\" rel=\"noreferrer noopener\">Suoritustasoilmoitus Nro 04-003 C5-ymp\u00e4rist\u00f6luokka kiinnitysv\u00e4lineet<\/a><\/li>\n\n\n\n<li><a href=\"https:\/\/profiline.ee\/wp-content\/uploads\/2025\/10\/suoritustasoilmoitus-nr-08-001-tiivisteelliset-rangat-v2.pdf\" target=\"_blank\" rel=\"noreferrer noopener\">Suoritustasoilmoitus Nro 08-001 Tiivisteell\u00e4 varustetut ter\u00e4sprofiilit<\/a><\/li>\n<\/ul>\n\n\n\n<h3 class=\"wp-block-heading\">Asennusohjeet<\/h3>\n\n\n\n<ul class=\"wp-block-list\">\n<li><a href=\"https:\/\/profiline.ee\/wp-content\/uploads\/2023\/11\/lisa-tabel-2.-vaheseinte-tulepusivus-helikindlus-ja-maksimaalne-korgus.pdf\" target=\"_blank\" rel=\"noreferrer noopener\">V\u00e4liseinien palonkest\u00e4vyys, \u00e4\u00e4nieristys ja enimm\u00e4iskorkeus<\/a><\/li>\n\n\n\n<li><a href=\"https:\/\/profiline.ee\/wp-content\/uploads\/2023\/11\/lisa-tabel-1.-renoveeritavate-seinte-konstruktsioonituubid.pdf\" target=\"_blank\" rel=\"noreferrer noopener\">Kunnostettavien seinien palonkest\u00e4vyyden ja \u00e4\u00e4nieristyksen parantaminen<\/a><\/li>\n\n\n\n<li><a href=\"\/wp-content\/uploads\/2023\/11\/helisummutavate_seinte_tyybid.pdf\" target=\"_blank\" rel=\"noreferrer noopener\">\u00c4\u00e4nt\u00e4 vaimentavien seinien tyypit<\/a><\/li>\n\n\n\n<li><a href=\"https:\/\/profiline.ee\/wp-content\/uploads\/2025\/05\/profilinen-asennusohjeet.pdf\" target=\"_blank\" rel=\"noreferrer noopener\">Profilinen asennusohjeet<\/a><\/li>\n<\/ul>\n\n\n\n<p><\/p>\n","protected":false},"excerpt":{"rendered":"<p>Tuoteluettelot Suoritustasoilmoitukset ja sertifikaatit Asennusohjeet<\/p>\n","protected":false},"author":2,"featured_media":0,"parent":0,"menu_order":0,"comment_status":"closed","ping_status":"closed","template":"","meta":{"_acf_changed":false,"footnotes":""},"class_list":["post-6618","page","type-page","status-publish","hentry"],"acf":[],"yoast_head":"<!-- This site is optimized with the Yoast SEO plugin v27.0 - https:\/\/yoast.com\/product\/yoast-seo-wordpress\/ -->\n<title>Sertifikaatit ja tuoteasiakirjat - Profiline<\/title>\n<meta name=\"robots\" content=\"index, follow, max-snippet:-1, max-image-preview:large, max-video-preview:-1\" \/>\n<link rel=\"canonical\" href=\"https:\/\/profiline.ee\/fi\/sertifikaatit-ja-tuoteasiakirjat\/\" \/>\n<meta property=\"og:locale\" content=\"fi_FI\" \/>\n<meta property=\"og:type\" content=\"article\" \/>\n<meta property=\"og:title\" content=\"Sertifikaatit ja tuoteasiakirjat - Profiline\" \/>\n<meta property=\"og:description\" content=\"Tuoteluettelot Suoritustasoilmoitukset ja sertifikaatit Asennusohjeet\" \/>\n<meta property=\"og:url\" content=\"https:\/\/profiline.ee\/fi\/sertifikaatit-ja-tuoteasiakirjat\/\" \/>\n<meta property=\"og:site_name\" content=\"Profiline\" \/>\n<meta property=\"article:modified_time\" content=\"2025-10-20T12:04:01+00:00\" \/>\n<meta name=\"twitter:card\" content=\"summary_large_image\" \/>\n<meta name=\"twitter:label1\" content=\"Arvioitu lukuaika\" \/>\n\t<meta name=\"twitter:data1\" content=\"1 minuutti\" \/>\n<script type=\"application\/ld+json\" class=\"yoast-schema-graph\">{\"@context\":\"https:\/\/schema.org\",\"@graph\":[{\"@type\":\"WebPage\",\"@id\":\"https:\/\/profiline.ee\/fi\/sertifikaatit-ja-tuoteasiakirjat\/\",\"url\":\"https:\/\/profiline.ee\/fi\/sertifikaatit-ja-tuoteasiakirjat\/\",\"name\":\"Sertifikaatit ja tuoteasiakirjat - Profiline\",\"isPartOf\":{\"@id\":\"https:\/\/profiline.ee\/fi\/#website\"},\"datePublished\":\"2023-06-14T08:53:33+00:00\",\"dateModified\":\"2025-10-20T12:04:01+00:00\",\"inLanguage\":\"fi\",\"potentialAction\":[{\"@type\":\"ReadAction\",\"target\":[\"https:\/\/profiline.ee\/fi\/sertifikaatit-ja-tuoteasiakirjat\/\"]}]},{\"@type\":\"WebSite\",\"@id\":\"https:\/\/profiline.ee\/fi\/#website\",\"url\":\"https:\/\/profiline.ee\/fi\/\",\"name\":\"Profiline\",\"description\":\"\",\"publisher\":{\"@id\":\"https:\/\/profiline.ee\/fi\/#organization\"},\"potentialAction\":[{\"@type\":\"SearchAction\",\"target\":{\"@type\":\"EntryPoint\",\"urlTemplate\":\"https:\/\/profiline.ee\/fi\/?s={search_term_string}\"},\"query-input\":{\"@type\":\"PropertyValueSpecification\",\"valueRequired\":true,\"valueName\":\"search_term_string\"}}],\"inLanguage\":\"fi\"},{\"@type\":\"Organization\",\"@id\":\"https:\/\/profiline.ee\/fi\/#organization\",\"name\":\"Leden Estonia AS\",\"url\":\"https:\/\/profiline.ee\/fi\/\",\"logo\":{\"@type\":\"ImageObject\",\"inLanguage\":\"fi\",\"@id\":\"https:\/\/profiline.ee\/fi\/#\/schema\/logo\/image\/\",\"url\":\"https:\/\/profiline.ee\/wp-content\/uploads\/2023\/05\/logo.svg\",\"contentUrl\":\"https:\/\/profiline.ee\/wp-content\/uploads\/2023\/05\/logo.svg\",\"width\":180,\"height\":50,\"caption\":\"Leden Estonia AS\"},\"image\":{\"@id\":\"https:\/\/profiline.ee\/fi\/#\/schema\/logo\/image\/\"}}]}<\/script>\n<!-- \/ Yoast SEO plugin. -->","yoast_head_json":{"title":"Sertifikaatit ja tuoteasiakirjat - Profiline","robots":{"index":"index","follow":"follow","max-snippet":"max-snippet:-1","max-image-preview":"max-image-preview:large","max-video-preview":"max-video-preview:-1"},"canonical":"https:\/\/profiline.ee\/fi\/sertifikaatit-ja-tuoteasiakirjat\/","og_locale":"fi_FI","og_type":"article","og_title":"Sertifikaatit ja tuoteasiakirjat - Profiline","og_description":"Tuoteluettelot Suoritustasoilmoitukset ja sertifikaatit Asennusohjeet","og_url":"https:\/\/profiline.ee\/fi\/sertifikaatit-ja-tuoteasiakirjat\/","og_site_name":"Profiline","article_modified_time":"2025-10-20T12:04:01+00:00","twitter_card":"summary_large_image","twitter_misc":{"Arvioitu lukuaika":"1 minuutti"},"schema":{"@context":"https:\/\/schema.org","@graph":[{"@type":"WebPage","@id":"https:\/\/profiline.ee\/fi\/sertifikaatit-ja-tuoteasiakirjat\/","url":"https:\/\/profiline.ee\/fi\/sertifikaatit-ja-tuoteasiakirjat\/","name":"Sertifikaatit ja tuoteasiakirjat - Profiline","isPartOf":{"@id":"https:\/\/profiline.ee\/fi\/#website"},"datePublished":"2023-06-14T08:53:33+00:00","dateModified":"2025-10-20T12:04:01+00:00","inLanguage":"fi","potentialAction":[{"@type":"ReadAction","target":["https:\/\/profiline.ee\/fi\/sertifikaatit-ja-tuoteasiakirjat\/"]}]},{"@type":"WebSite","@id":"https:\/\/profiline.ee\/fi\/#website","url":"https:\/\/profiline.ee\/fi\/","name":"Profiline","description":"","publisher":{"@id":"https:\/\/profiline.ee\/fi\/#organization"},"potentialAction":[{"@type":"SearchAction","target":{"@type":"EntryPoint","urlTemplate":"https:\/\/profiline.ee\/fi\/?s={search_term_string}"},"query-input":{"@type":"PropertyValueSpecification","valueRequired":true,"valueName":"search_term_string"}}],"inLanguage":"fi"},{"@type":"Organization","@id":"https:\/\/profiline.ee\/fi\/#organization","name":"Leden Estonia AS","url":"https:\/\/profiline.ee\/fi\/","logo":{"@type":"ImageObject","inLanguage":"fi","@id":"https:\/\/profiline.ee\/fi\/#\/schema\/logo\/image\/","url":"https:\/\/profiline.ee\/wp-content\/uploads\/2023\/05\/logo.svg","contentUrl":"https:\/\/profiline.ee\/wp-content\/uploads\/2023\/05\/logo.svg","width":180,"height":50,"caption":"Leden Estonia AS"},"image":{"@id":"https:\/\/profiline.ee\/fi\/#\/schema\/logo\/image\/"}}]}},"_links":{"self":[{"href":"https:\/\/profiline.ee\/fi\/wp-json\/wp\/v2\/pages\/6618","targetHints":{"allow":["GET"]}}],"collection":[{"href":"https:\/\/profiline.ee\/fi\/wp-json\/wp\/v2\/pages"}],"about":[{"href":"https:\/\/profiline.ee\/fi\/wp-json\/wp\/v2\/types\/page"}],"author":[{"embeddable":true,"href":"https:\/\/profiline.ee\/fi\/wp-json\/wp\/v2\/users\/2"}],"replies":[{"embeddable":true,"href":"https:\/\/profiline.ee\/fi\/wp-json\/wp\/v2\/comments?post=6618"}],"version-history":[{"count":12,"href":"https:\/\/profiline.ee\/fi\/wp-json\/wp\/v2\/pages\/6618\/revisions"}],"predecessor-version":[{"id":8697,"href":"https:\/\/profiline.ee\/fi\/wp-json\/wp\/v2\/pages\/6618\/revisions\/8697"}],"wp:attachment":[{"href":"https:\/\/profiline.ee\/fi\/wp-json\/wp\/v2\/media?parent=6618"}],"curies":[{"name":"wp","href":"https:\/\/api.w.org\/{rel}","templated":true}]}}