{"id":6610,"date":"2024-10-14T14:01:51","date_gmt":"2024-10-14T12:01:51","guid":{"rendered":"https:\/\/profiline.ee\/usein-kysyttyja-kysymyksia\/"},"modified":"2025-01-23T15:03:42","modified_gmt":"2025-01-23T13:03:42","slug":"usein-kysyttyja-kysymyksia","status":"publish","type":"page","link":"https:\/\/profiline.ee\/fi\/usein-kysyttyja-kysymyksia\/","title":{"rendered":"Usein kysyttyj\u00e4 kysymyksi\u00e4"},"content":{"rendered":"\t\t<div data-elementor-type=\"wp-page\" data-elementor-id=\"6610\" class=\"elementor elementor-6610 elementor-5616\" data-elementor-post-type=\"page\">\n\t\t\t\t\t\t<section class=\"elementor-section elementor-top-section elementor-element elementor-element-7b84a9f elementor-section-boxed elementor-section-height-default elementor-section-height-default\" data-id=\"7b84a9f\" data-element_type=\"section\" data-e-type=\"section\">\n\t\t\t\t\t\t<div class=\"elementor-container elementor-column-gap-default\">\n\t\t\t\t\t<div class=\"elementor-column elementor-col-100 elementor-top-column elementor-element elementor-element-42d36ea\" data-id=\"42d36ea\" data-element_type=\"column\" data-e-type=\"column\">\n\t\t\t<div class=\"elementor-widget-wrap elementor-element-populated\">\n\t\t\t\t\t\t<div class=\"elementor-element elementor-element-ca43a0e elementor-widget elementor-widget-accordion\" data-id=\"ca43a0e\" data-element_type=\"widget\" data-e-type=\"widget\" data-widget_type=\"accordion.default\">\n\t\t\t\t<div class=\"elementor-widget-container\">\n\t\t\t\t\t\t\t<div class=\"elementor-accordion\">\n\t\t\t\t\t\t\t<div class=\"elementor-accordion-item\">\n\t\t\t\t\t<div id=\"elementor-tab-title-2121\" class=\"elementor-tab-title\" data-tab=\"1\" role=\"button\" aria-controls=\"elementor-tab-content-2121\" aria-expanded=\"false\">\n\t\t\t\t\t\t\t\t\t\t\t\t\t<span class=\"elementor-accordion-icon elementor-accordion-icon-right\" aria-hidden=\"true\">\n\t\t\t\t\t\t\t\t\t\t\t\t\t\t\t<span class=\"elementor-accordion-icon-closed\"><i class=\"fas fa-chevron-down\"><\/i><\/span>\n\t\t\t\t\t\t\t\t<span class=\"elementor-accordion-icon-opened\"><i class=\"fas fa-chevron-up\"><\/i><\/span>\n\t\t\t\t\t\t\t\t\t\t\t\t\t\t<\/span>\n\t\t\t\t\t\t\t\t\t\t\t\t<a class=\"elementor-accordion-title\" tabindex=\"0\">Milloin akustista profiilia k\u00e4ytet\u00e4\u00e4n?<\/a>\n\t\t\t\t\t<\/div>\n\t\t\t\t\t<div id=\"elementor-tab-content-2121\" class=\"elementor-tab-content elementor-clearfix\" data-tab=\"1\" role=\"region\" aria-labelledby=\"elementor-tab-title-2121\"><p>Virossa melua koskevat m\u00e4\u00e4r\u00e4ykset ja vaatimukset on vahvistettu useissa eri s\u00e4\u00e4d\u00f6ksiss\u00e4 ja standardeissa:<\/p>\n<ul>\n<li><strong>Virallinen lehti Riigi Teataja: https:\/\/www.riigiteataja.ee\/akt\/104042017014<\/strong><\/li>\n<li><strong>Rakentamism\u00e4\u00e4r\u00e4yskokoelma: asetus nro 8 &#8221;Rakennuksia koskevat vaatimukset&#8221;.<\/strong><\/li>\n<li><strong>Viron standardi EVS 842:2003 &#8221;Rakennusten \u00e4\u00e4nieristysvaatimukset.<\/strong><\/li>\n<li><strong>Ymp\u00e4rist\u00f6ministerin asetus N:o 1 &#8221;Ymp\u00e4rist\u00f6melunormit&#8221;.<\/strong><\/li>\n<li><strong>Terveysviraston ohjeet ja standardit.<\/strong><\/li>\n<\/ul>\n<p>Akustiikkaprofiileilla voidaan parantaa uusien rakennusten \u00e4\u00e4nieristyst\u00e4 sek\u00e4 olemassa olevien sis\u00e4kattojen, v\u00e4liseinien ja ulkoseinien ominaisuuksia. Asentamalla erikoismuotoiltuja akustisia pystyprofiileja ja tiivisteell\u00e4 varustettuja vaakaprofiileja lattiaan ja sis\u00e4kattoon on mahdollista saavuttaa jopa 55 dB:n \u00e4\u00e4nieristys seiniss\u00e4.<\/p>\n<p><a href=\"\/tootekategooria\/akustilised-profiilid\/\" target=\"_blank\" rel=\"noopener\">Katso tuotteita<\/a><\/p>\n<\/div>\n\t\t\t\t<\/div>\n\t\t\t\t\t\t\t<div class=\"elementor-accordion-item\">\n\t\t\t\t\t<div id=\"elementor-tab-title-2122\" class=\"elementor-tab-title\" data-tab=\"2\" role=\"button\" aria-controls=\"elementor-tab-content-2122\" aria-expanded=\"false\">\n\t\t\t\t\t\t\t\t\t\t\t\t\t<span class=\"elementor-accordion-icon elementor-accordion-icon-right\" aria-hidden=\"true\">\n\t\t\t\t\t\t\t\t\t\t\t\t\t\t\t<span class=\"elementor-accordion-icon-closed\"><i class=\"fas fa-chevron-down\"><\/i><\/span>\n\t\t\t\t\t\t\t\t<span class=\"elementor-accordion-icon-opened\"><i class=\"fas fa-chevron-up\"><\/i><\/span>\n\t\t\t\t\t\t\t\t\t\t\t\t\t\t<\/span>\n\t\t\t\t\t\t\t\t\t\t\t\t<a class=\"elementor-accordion-title\" tabindex=\"0\">Milloin vahvistettuja profiileja k\u00e4ytet\u00e4\u00e4n?<\/a>\n\t\t\t\t\t<\/div>\n\t\t\t\t\t<div id=\"elementor-tab-content-2122\" class=\"elementor-tab-content elementor-clearfix\" data-tab=\"2\" role=\"region\" aria-labelledby=\"elementor-tab-title-2122\"><p>Vahvistetut profiilit on suunniteltu rakenteisiin, joilla on suuri kantavuus tai j\u00e4ykkyys, kuten korkeat sein\u00e4t (jopa 8 m), ovi- ja ikkuna-aukot, palonkest\u00e4v\u00e4t sis\u00e4katot, joissa on useita kipsilevyj\u00e4kerroksia.<br \/>Profilinella on my\u00f6s valikoima kiinnityshakoja, jotka on suunniteltu erityisesti vahvistettuja profiileja varten.<\/p>\n<p><a href=\"\/tootekategooria\/tugevdatud-profiilid\/\" target=\"_blank\" rel=\"noopener\">Katso tuotteita<\/a><\/p>\n<\/div>\n\t\t\t\t<\/div>\n\t\t\t\t\t\t\t<div class=\"elementor-accordion-item\">\n\t\t\t\t\t<div id=\"elementor-tab-title-2123\" class=\"elementor-tab-title\" data-tab=\"3\" role=\"button\" aria-controls=\"elementor-tab-content-2123\" aria-expanded=\"false\">\n\t\t\t\t\t\t\t\t\t\t\t\t\t<span class=\"elementor-accordion-icon elementor-accordion-icon-right\" aria-hidden=\"true\">\n\t\t\t\t\t\t\t\t\t\t\t\t\t\t\t<span class=\"elementor-accordion-icon-closed\"><i class=\"fas fa-chevron-down\"><\/i><\/span>\n\t\t\t\t\t\t\t\t<span class=\"elementor-accordion-icon-opened\"><i class=\"fas fa-chevron-up\"><\/i><\/span>\n\t\t\t\t\t\t\t\t\t\t\t\t\t\t<\/span>\n\t\t\t\t\t\t\t\t\t\t\t\t<a class=\"elementor-accordion-title\" tabindex=\"0\">Milloin osastoivia seini\u00e4 k\u00e4ytet\u00e4\u00e4n?<\/a>\n\t\t\t\t\t<\/div>\n\t\t\t\t\t<div id=\"elementor-tab-content-2123\" class=\"elementor-tab-content elementor-clearfix\" data-tab=\"3\" role=\"region\" aria-labelledby=\"elementor-tab-title-2123\"><p><strong>Paloturvallisuusvaatimusten t\u00e4ytt\u00e4miseen:<\/strong>&nbsp;Osastoivia seini\u00e4 tarvitaan paikallisten lakien ja s\u00e4\u00e4d\u00f6sten asettamien rakennus- ja paloturvallisuusm\u00e4\u00e4r\u00e4ysten t\u00e4ytt\u00e4miseen. Ne ovat erityisen t\u00e4rkeit\u00e4 julkisissa rakennuksissa, teollisuusrakennuksissa ja suurissa asuinkomplekseissa.<br \/><strong>Tulipalon levi\u00e4misen est\u00e4minen:<\/strong>&nbsp;Tulipalon sattuessa osastoivat sein\u00e4t auttavat rajoittamaan tulipalon levi\u00e4mist\u00e4 ja suojaavat ihmishenki\u00e4 ja omaisuutta. N\u00e4m\u00e4 sein\u00e4t voivat olla ratkaisevia rakennuksen turvallisen evakuoinnin varmistamisessa ja sammutustoimien helpottamisessa.<\/p>\n<p><strong>Raja-alueiden suojaamiseen:<\/strong>&nbsp;Osastoivia seini\u00e4 sijoitetaan usein alueille, joilla on tarpeen erottaa erilaisia palovaarallisia alueita, kuten pannuhuoneita, teknisi\u00e4 tiloja, varastointialueita tai pys\u00e4k\u00f6intitaloja rakennuksen muista osista.<\/p>\n<p><strong>Rakenteen suojaamiseen:<\/strong>&nbsp;N\u00e4m\u00e4 sein\u00e4t suojaavat my\u00f6s rakennuksen rakenteita ja varmistavat, ett\u00e4 tulipalon sattuessa kantavat laitteet ja muut olennaiset rakenneosat s\u00e4ilytt\u00e4v\u00e4t lujuutensa riitt\u00e4v\u00e4n kauan evakuoinnin ja pelastustoimien mahdollistamiseksi.<\/p>\n<p><strong>Vakuutusehtojen t\u00e4ytt\u00e4miseen:<\/strong>&nbsp;Monet vakuutusyhti\u00f6t vaativat rakennuksilta osastoivia seini\u00e4 mahdollisten vahinkojen ja vakuutuskorvausten v\u00e4hent\u00e4miseksi.<\/p>\n<\/div>\n\t\t\t\t<\/div>\n\t\t\t\t\t\t\t<div class=\"elementor-accordion-item\">\n\t\t\t\t\t<div id=\"elementor-tab-title-2124\" class=\"elementor-tab-title\" data-tab=\"4\" role=\"button\" aria-controls=\"elementor-tab-content-2124\" aria-expanded=\"false\">\n\t\t\t\t\t\t\t\t\t\t\t\t\t<span class=\"elementor-accordion-icon elementor-accordion-icon-right\" aria-hidden=\"true\">\n\t\t\t\t\t\t\t\t\t\t\t\t\t\t\t<span class=\"elementor-accordion-icon-closed\"><i class=\"fas fa-chevron-down\"><\/i><\/span>\n\t\t\t\t\t\t\t\t<span class=\"elementor-accordion-icon-opened\"><i class=\"fas fa-chevron-up\"><\/i><\/span>\n\t\t\t\t\t\t\t\t\t\t\t\t\t\t<\/span>\n\t\t\t\t\t\t\t\t\t\t\t\t<a class=\"elementor-accordion-title\" tabindex=\"0\">Mist\u00e4 rungon v\u00e4lit riippuvat, 300\/450\/600 mm?<\/a>\n\t\t\t\t\t<\/div>\n\t\t\t\t\t<div id=\"elementor-tab-content-2124\" class=\"elementor-tab-content elementor-clearfix\" data-tab=\"4\" role=\"region\" aria-labelledby=\"elementor-tab-title-2124\"><ul>\n<li>Vaatimusten mukaisen&nbsp;<strong>paloluokan<\/strong> saavuttamiseksi tihe\u00e4mpi v\u00e4li voi olla tarpeen.<\/li>\n<li><strong>Materiaalien<\/strong> palonkest\u00e4vyys ja lujuus vaikuttavat rakenteen tiheyteen.<\/li>\n<li><strong>Korkeammat ja paksummat<\/strong> sein\u00e4t saattavat vaatia rungon tihe\u00e4mp\u00e4\u00e4 sijoitusta.<\/li>\n<li><strong>Kuorman<\/strong> optimaalisen jakautumisen varmistamiseksi saatetaan tarvita tihe\u00e4mp\u00e4\u00e4 runkoa.<\/li>\n<li><strong>Rakennuss\u00e4\u00e4d\u00f6kset ja -m\u00e4\u00e4r\u00e4ykset<\/strong> m\u00e4\u00e4r\u00e4\u00e4v\u00e4t usein rakenteen tiheyden.<\/li>\n<li><strong>Asennustavoista:<\/strong>&nbsp;Uusi tekniikka ja asennusmenetelm\u00e4t voivat vaikuttaa rungon tiheyteen.<\/li>\n<\/ul>\n<p>&nbsp;<\/p>\n<p>Yleisesti ottaen on noudatettava suunnitteluohjeita ja paikallisia rakennusm\u00e4\u00e4r\u00e4yksi\u00e4 asianmukaisen paloturvallisuuden varmistamiseksi.<\/p>\n<\/div>\n\t\t\t\t<\/div>\n\t\t\t\t\t\t\t<div class=\"elementor-accordion-item\">\n\t\t\t\t\t<div id=\"elementor-tab-title-2125\" class=\"elementor-tab-title\" data-tab=\"5\" role=\"button\" aria-controls=\"elementor-tab-content-2125\" aria-expanded=\"false\">\n\t\t\t\t\t\t\t\t\t\t\t\t\t<span class=\"elementor-accordion-icon elementor-accordion-icon-right\" aria-hidden=\"true\">\n\t\t\t\t\t\t\t\t\t\t\t\t\t\t\t<span class=\"elementor-accordion-icon-closed\"><i class=\"fas fa-chevron-down\"><\/i><\/span>\n\t\t\t\t\t\t\t\t<span class=\"elementor-accordion-icon-opened\"><i class=\"fas fa-chevron-up\"><\/i><\/span>\n\t\t\t\t\t\t\t\t\t\t\t\t\t\t<\/span>\n\t\t\t\t\t\t\t\t\t\t\t\t<a class=\"elementor-accordion-title\" tabindex=\"0\">Mist\u00e4 tied\u00e4n, kuinka paljon rakennus vajoaa?<\/a>\n\t\t\t\t\t<\/div>\n\t\t\t\t\t<div id=\"elementor-tab-content-2125\" class=\"elementor-tab-content elementor-clearfix\" data-tab=\"5\" role=\"region\" aria-labelledby=\"elementor-tab-title-2125\"><p>Eri materiaaleista valmistettujen rakennusten vajoaminen riippuu materiaalista, maaper\u00e4st\u00e4 ja perustustyypist\u00e4:<\/p>\n<p><strong>Betoni<\/strong>: Yleens\u00e4 hyvin pieni vajoaminen, muutamasta millimetrist\u00e4 muutamaan senttimetriin.<\/p>\n<p><strong>Tiili:<\/strong>&nbsp;Keskikertainen vajoaminen, muutamasta millimetrist\u00e4 muutamaan senttimetriin.<\/p>\n<p><strong>Puu:<\/strong>&nbsp;Eritt\u00e4in pieni vajoaminen, usein alle&nbsp;\u22641 cm.<\/p>\n<p><strong>Ter\u00e4s:<\/strong>&nbsp;Pienest\u00e4 kohtuulliseen vajoamiseen, alle&nbsp;\u22641 cm tai muutama cm.<\/p>\n<p><strong>Kevytharkot<\/strong>&nbsp;(esim. Aeroc, Fibo): Pieni vajoaminen, muutamasta millimetrist\u00e4 muutamaan senttimetriin.<\/p>\n<p><strong>Kiviharkot:<\/strong>&nbsp;Kohtuullinen vajoaminen, muutamasta millimetrist\u00e4 muutamaan senttimetriin.<\/p>\n<p>Vajoamisen m\u00e4\u00e4r\u00e4\u00e4n vaikuttavat eniten maaper\u00e4n ominaisuudet ja perustustyyppi. Esimerkiksi savimaat voivat aiheuttaa hiekkamaihin verrattuina suurempaa vajoamista.<\/p>\n<\/div>\n\t\t\t\t<\/div>\n\t\t\t\t\t\t\t<div class=\"elementor-accordion-item\">\n\t\t\t\t\t<div id=\"elementor-tab-title-2126\" class=\"elementor-tab-title\" data-tab=\"6\" role=\"button\" aria-controls=\"elementor-tab-content-2126\" aria-expanded=\"false\">\n\t\t\t\t\t\t\t\t\t\t\t\t\t<span class=\"elementor-accordion-icon elementor-accordion-icon-right\" aria-hidden=\"true\">\n\t\t\t\t\t\t\t\t\t\t\t\t\t\t\t<span class=\"elementor-accordion-icon-closed\"><i class=\"fas fa-chevron-down\"><\/i><\/span>\n\t\t\t\t\t\t\t\t<span class=\"elementor-accordion-icon-opened\"><i class=\"fas fa-chevron-up\"><\/i><\/span>\n\t\t\t\t\t\t\t\t\t\t\t\t\t\t<\/span>\n\t\t\t\t\t\t\t\t\t\t\t\t<a class=\"elementor-accordion-title\" tabindex=\"0\">Miss\u00e4 hattuprofiileja k\u00e4ytet\u00e4\u00e4n?<\/a>\n\t\t\t\t\t<\/div>\n\t\t\t\t\t<div id=\"elementor-tab-content-2126\" class=\"elementor-tab-content elementor-clearfix\" data-tab=\"6\" role=\"region\" aria-labelledby=\"elementor-tab-title-2126\"><p><strong>Sein\u00e4rakenteet:<\/strong>&nbsp;Hattuprofiileja k\u00e4ytet\u00e4\u00e4n usein kipsilevyjen asennuksessa seiniin, jotta saadaan luotua luja ja tasainen pinta kipsilevyjen kiinnitt\u00e4mist\u00e4 varten. Ne varmistavat sein\u00e4n lujuuden ja vakauden.<\/p>\n<p><strong>Sis\u00e4kattojen rakentaminen:<\/strong> Hattuprofiilit ovat t\u00e4rkeit\u00e4 my\u00f6s sis\u00e4kattojen asennuksissa, joissa niit\u00e4 k\u00e4ytet\u00e4\u00e4n kipsilevyjen kiinnitt\u00e4miseen ja tasaisen sis\u00e4kattopinnan varmistamiseen. N\u00e4m\u00e4 profiilit auttavat luomaan tasaisen ja asiamukaisen sis\u00e4kattopinnan.<\/p>\n<p><strong>Julkisivut:<\/strong>&nbsp;Julkisivurakennuksessa hattuprofiileja k\u00e4ytet\u00e4\u00e4n tuuletettavissa julkisivuj\u00e4rjestelmiss\u00e4. N\u00e4m\u00e4 profiilit varmistavat ulkoseinien p\u00e4\u00e4llysteiden asianmukaisen kiinnityksen ja edist\u00e4v\u00e4t julkisivun tuuletusta.<\/p>\n<p><strong>Vinot sis\u00e4katot ja ullakkokerrokset:<\/strong>&nbsp;Hattuprofiilit sopivat my\u00f6s vinojen sis\u00e4kattojen ja ullakkokerrosten rakentamiseen, sill\u00e4 ne tukevat ja mahdollistavat kipsilevyjen helpon asennuksen hankalammissakin paikoissa.<\/p>\n<p><strong>Erilaiset rakenteet:<\/strong>&nbsp;Hattuprofiilien monipuolisuus mahdollistaa niiden k\u00e4yt\u00f6n monenlaisissa rakenteissa, kuten v\u00e4liseiniss\u00e4, kipsilevyist\u00e4 tehdyiss\u00e4 karniiseissa sek\u00e4 koriste-elementeiss\u00e4.<\/p>\n<p><strong>Remontointi ja kunnostaminen:<\/strong>&nbsp;Kunnostushankkeissa hattuprofiileja k\u00e4ytet\u00e4\u00e4n vanhojen seinien ja sis\u00e4kattojen tasoittamiseen sek\u00e4 uusien kipsilevyjen asentamiseen nykyaikaisen ja sile\u00e4n pinnan aikaansaamiseksi.<\/p>\n<\/div>\n\t\t\t\t<\/div>\n\t\t\t\t\t\t\t\t<\/div>\n\t\t\t\t\t\t<\/div>\n\t\t\t\t<\/div>\n\t\t\t\t\t<\/div>\n\t\t<\/div>\n\t\t\t\t\t<\/div>\n\t\t<\/section>\n\t\t\t\t<\/div>\n\t\t","protected":false},"excerpt":{"rendered":"<p>Milloin akustista profiilia k\u00e4ytet\u00e4\u00e4n? Virossa melua koskevat m\u00e4\u00e4r\u00e4ykset ja vaatimukset on vahvistettu useissa eri s\u00e4\u00e4d\u00f6ksiss\u00e4 ja standardeissa: Virallinen lehti Riigi Teataja: https:\/\/www.riigiteataja.ee\/akt\/104042017014 Rakentamism\u00e4\u00e4r\u00e4yskokoelma: asetus nro 8 &#8220;Rakennuksia koskevat vaatimukset&#8221;. Viron standardi EVS 842:2003 &#8220;Rakennusten \u00e4\u00e4nieristysvaatimukset. Ymp\u00e4rist\u00f6ministerin asetus N:o 1 &#8220;Ymp\u00e4rist\u00f6melunormit&#8221;. Terveysviraston ohjeet ja standardit. Akustiikkaprofiileilla voidaan parantaa uusien rakennusten \u00e4\u00e4nieristyst\u00e4 sek\u00e4 olemassa olevien sis\u00e4kattojen, v\u00e4liseinien [&hellip;]<\/p>\n","protected":false},"author":2,"featured_media":0,"parent":0,"menu_order":0,"comment_status":"closed","ping_status":"closed","template":"","meta":{"_acf_changed":false,"footnotes":""},"class_list":["post-6610","page","type-page","status-publish","hentry"],"acf":[],"yoast_head":"<!-- This site is optimized with the Yoast SEO plugin v27.0 - https:\/\/yoast.com\/product\/yoast-seo-wordpress\/ -->\n<title>Usein kysyttyj\u00e4 kysymyksi\u00e4 - Profiline<\/title>\n<meta name=\"robots\" content=\"index, follow, max-snippet:-1, max-image-preview:large, max-video-preview:-1\" \/>\n<link rel=\"canonical\" href=\"https:\/\/profiline.ee\/fi\/usein-kysyttyja-kysymyksia\/\" \/>\n<meta property=\"og:locale\" content=\"fi_FI\" \/>\n<meta property=\"og:type\" content=\"article\" \/>\n<meta property=\"og:title\" content=\"Usein kysyttyj\u00e4 kysymyksi\u00e4 - Profiline\" \/>\n<meta property=\"og:description\" content=\"Milloin akustista profiilia k\u00e4ytet\u00e4\u00e4n? Virossa melua koskevat m\u00e4\u00e4r\u00e4ykset ja vaatimukset on vahvistettu useissa eri s\u00e4\u00e4d\u00f6ksiss\u00e4 ja standardeissa: Virallinen lehti Riigi Teataja: https:\/\/www.riigiteataja.ee\/akt\/104042017014 Rakentamism\u00e4\u00e4r\u00e4yskokoelma: asetus nro 8 &#8220;Rakennuksia koskevat vaatimukset&#8221;. Viron standardi EVS 842:2003 &#8220;Rakennusten \u00e4\u00e4nieristysvaatimukset. Ymp\u00e4rist\u00f6ministerin asetus N:o 1 &#8220;Ymp\u00e4rist\u00f6melunormit&#8221;. Terveysviraston ohjeet ja standardit. Akustiikkaprofiileilla voidaan parantaa uusien rakennusten \u00e4\u00e4nieristyst\u00e4 sek\u00e4 olemassa olevien sis\u00e4kattojen, v\u00e4liseinien [&hellip;]\" \/>\n<meta property=\"og:url\" content=\"https:\/\/profiline.ee\/fi\/usein-kysyttyja-kysymyksia\/\" \/>\n<meta property=\"og:site_name\" content=\"Profiline\" \/>\n<meta property=\"article:modified_time\" content=\"2025-01-23T13:03:42+00:00\" \/>\n<meta name=\"twitter:card\" content=\"summary_large_image\" \/>\n<meta name=\"twitter:label1\" content=\"Arvioitu lukuaika\" \/>\n\t<meta name=\"twitter:data1\" content=\"3 minuuttia\" \/>\n<script type=\"application\/ld+json\" class=\"yoast-schema-graph\">{\"@context\":\"https:\/\/schema.org\",\"@graph\":[{\"@type\":\"WebPage\",\"@id\":\"https:\/\/profiline.ee\/fi\/usein-kysyttyja-kysymyksia\/\",\"url\":\"https:\/\/profiline.ee\/fi\/usein-kysyttyja-kysymyksia\/\",\"name\":\"Usein kysyttyj\u00e4 kysymyksi\u00e4 - Profiline\",\"isPartOf\":{\"@id\":\"https:\/\/profiline.ee\/fi\/#website\"},\"datePublished\":\"2024-10-14T12:01:51+00:00\",\"dateModified\":\"2025-01-23T13:03:42+00:00\",\"inLanguage\":\"fi\",\"potentialAction\":[{\"@type\":\"ReadAction\",\"target\":[\"https:\/\/profiline.ee\/fi\/usein-kysyttyja-kysymyksia\/\"]}]},{\"@type\":\"WebSite\",\"@id\":\"https:\/\/profiline.ee\/fi\/#website\",\"url\":\"https:\/\/profiline.ee\/fi\/\",\"name\":\"Profiline\",\"description\":\"\",\"publisher\":{\"@id\":\"https:\/\/profiline.ee\/fi\/#organization\"},\"potentialAction\":[{\"@type\":\"SearchAction\",\"target\":{\"@type\":\"EntryPoint\",\"urlTemplate\":\"https:\/\/profiline.ee\/fi\/?s={search_term_string}\"},\"query-input\":{\"@type\":\"PropertyValueSpecification\",\"valueRequired\":true,\"valueName\":\"search_term_string\"}}],\"inLanguage\":\"fi\"},{\"@type\":\"Organization\",\"@id\":\"https:\/\/profiline.ee\/fi\/#organization\",\"name\":\"Leden Estonia AS\",\"url\":\"https:\/\/profiline.ee\/fi\/\",\"logo\":{\"@type\":\"ImageObject\",\"inLanguage\":\"fi\",\"@id\":\"https:\/\/profiline.ee\/fi\/#\/schema\/logo\/image\/\",\"url\":\"https:\/\/profiline.ee\/wp-content\/uploads\/2023\/05\/logo.svg\",\"contentUrl\":\"https:\/\/profiline.ee\/wp-content\/uploads\/2023\/05\/logo.svg\",\"width\":180,\"height\":50,\"caption\":\"Leden Estonia AS\"},\"image\":{\"@id\":\"https:\/\/profiline.ee\/fi\/#\/schema\/logo\/image\/\"}}]}<\/script>\n<!-- \/ Yoast SEO plugin. -->","yoast_head_json":{"title":"Usein kysyttyj\u00e4 kysymyksi\u00e4 - Profiline","robots":{"index":"index","follow":"follow","max-snippet":"max-snippet:-1","max-image-preview":"max-image-preview:large","max-video-preview":"max-video-preview:-1"},"canonical":"https:\/\/profiline.ee\/fi\/usein-kysyttyja-kysymyksia\/","og_locale":"fi_FI","og_type":"article","og_title":"Usein kysyttyj\u00e4 kysymyksi\u00e4 - Profiline","og_description":"Milloin akustista profiilia k\u00e4ytet\u00e4\u00e4n? Virossa melua koskevat m\u00e4\u00e4r\u00e4ykset ja vaatimukset on vahvistettu useissa eri s\u00e4\u00e4d\u00f6ksiss\u00e4 ja standardeissa: Virallinen lehti Riigi Teataja: https:\/\/www.riigiteataja.ee\/akt\/104042017014 Rakentamism\u00e4\u00e4r\u00e4yskokoelma: asetus nro 8 &#8220;Rakennuksia koskevat vaatimukset&#8221;. Viron standardi EVS 842:2003 &#8220;Rakennusten \u00e4\u00e4nieristysvaatimukset. Ymp\u00e4rist\u00f6ministerin asetus N:o 1 &#8220;Ymp\u00e4rist\u00f6melunormit&#8221;. Terveysviraston ohjeet ja standardit. Akustiikkaprofiileilla voidaan parantaa uusien rakennusten \u00e4\u00e4nieristyst\u00e4 sek\u00e4 olemassa olevien sis\u00e4kattojen, v\u00e4liseinien [&hellip;]","og_url":"https:\/\/profiline.ee\/fi\/usein-kysyttyja-kysymyksia\/","og_site_name":"Profiline","article_modified_time":"2025-01-23T13:03:42+00:00","twitter_card":"summary_large_image","twitter_misc":{"Arvioitu lukuaika":"3 minuuttia"},"schema":{"@context":"https:\/\/schema.org","@graph":[{"@type":"WebPage","@id":"https:\/\/profiline.ee\/fi\/usein-kysyttyja-kysymyksia\/","url":"https:\/\/profiline.ee\/fi\/usein-kysyttyja-kysymyksia\/","name":"Usein kysyttyj\u00e4 kysymyksi\u00e4 - Profiline","isPartOf":{"@id":"https:\/\/profiline.ee\/fi\/#website"},"datePublished":"2024-10-14T12:01:51+00:00","dateModified":"2025-01-23T13:03:42+00:00","inLanguage":"fi","potentialAction":[{"@type":"ReadAction","target":["https:\/\/profiline.ee\/fi\/usein-kysyttyja-kysymyksia\/"]}]},{"@type":"WebSite","@id":"https:\/\/profiline.ee\/fi\/#website","url":"https:\/\/profiline.ee\/fi\/","name":"Profiline","description":"","publisher":{"@id":"https:\/\/profiline.ee\/fi\/#organization"},"potentialAction":[{"@type":"SearchAction","target":{"@type":"EntryPoint","urlTemplate":"https:\/\/profiline.ee\/fi\/?s={search_term_string}"},"query-input":{"@type":"PropertyValueSpecification","valueRequired":true,"valueName":"search_term_string"}}],"inLanguage":"fi"},{"@type":"Organization","@id":"https:\/\/profiline.ee\/fi\/#organization","name":"Leden Estonia AS","url":"https:\/\/profiline.ee\/fi\/","logo":{"@type":"ImageObject","inLanguage":"fi","@id":"https:\/\/profiline.ee\/fi\/#\/schema\/logo\/image\/","url":"https:\/\/profiline.ee\/wp-content\/uploads\/2023\/05\/logo.svg","contentUrl":"https:\/\/profiline.ee\/wp-content\/uploads\/2023\/05\/logo.svg","width":180,"height":50,"caption":"Leden Estonia AS"},"image":{"@id":"https:\/\/profiline.ee\/fi\/#\/schema\/logo\/image\/"}}]}},"_links":{"self":[{"href":"https:\/\/profiline.ee\/fi\/wp-json\/wp\/v2\/pages\/6610","targetHints":{"allow":["GET"]}}],"collection":[{"href":"https:\/\/profiline.ee\/fi\/wp-json\/wp\/v2\/pages"}],"about":[{"href":"https:\/\/profiline.ee\/fi\/wp-json\/wp\/v2\/types\/page"}],"author":[{"embeddable":true,"href":"https:\/\/profiline.ee\/fi\/wp-json\/wp\/v2\/users\/2"}],"replies":[{"embeddable":true,"href":"https:\/\/profiline.ee\/fi\/wp-json\/wp\/v2\/comments?post=6610"}],"version-history":[{"count":3,"href":"https:\/\/profiline.ee\/fi\/wp-json\/wp\/v2\/pages\/6610\/revisions"}],"predecessor-version":[{"id":6613,"href":"https:\/\/profiline.ee\/fi\/wp-json\/wp\/v2\/pages\/6610\/revisions\/6613"}],"wp:attachment":[{"href":"https:\/\/profiline.ee\/fi\/wp-json\/wp\/v2\/media?parent=6610"}],"curies":[{"name":"wp","href":"https:\/\/api.w.org\/{rel}","templated":true}]}}